{"id":5609,"date":"2015-09-08T12:46:09","date_gmt":"2015-09-08T12:46:09","guid":{"rendered":"http:\/\/eastwego.com\/?page_id=5609"},"modified":"2015-11-19T03:01:34","modified_gmt":"2015-11-19T03:01:34","slug":"packing-list","status":"publish","type":"page","link":"http:\/\/eastwego.com\/pl\/packing-list\/","title":{"rendered":"Lista rzeczy, kt\u00f3re spakowali\u015bmy"},"content":{"rendered":"<strong>Oto lista rzeczy, kt\u00f3re spakowali\u015bmy na nasz\u0105 podr\u00f3\u017c z plecakami po Azji po\u0142udniowo-wschodniej.<br \/>\n<\/strong><\/p>\n<div id=\"attachment_6142\" style=\"width: 710px\" class=\"wp-caption alignnone\"><img aria-describedby=\"caption-attachment-6142\" data-attachment-id=\"6142\" data-permalink=\"http:\/\/eastwego.com\/pl\/packing-list\/packing-8\/\" data-orig-file=\"http:\/\/eastwego.com\/wp-content\/uploads\/2015\/09\/Packing-8.jpg\" data-orig-size=\"700,578\" data-comments-opened=\"1\" data-image-meta=\"{&quot;aperture&quot;:&quot;2&quot;,&quot;credit&quot;:&quot;&quot;,&quot;camera&quot;:&quot;X10&quot;,&quot;caption&quot;:&quot;&quot;,&quot;created_timestamp&quot;:&quot;1443351552&quot;,&quot;copyright&quot;:&quot;&quot;,&quot;focal_length&quot;:&quot;7.1&quot;,&quot;iso&quot;:&quot;100&quot;,&quot;shutter_speed&quot;:&quot;0.00625&quot;,&quot;title&quot;:&quot;&quot;,&quot;orientation&quot;:&quot;0&quot;}\" data-image-title=\"Packing-8\" data-image-description=\"\" data-medium-file=\"http:\/\/eastwego.com\/wp-content\/uploads\/2015\/09\/Packing-8-300x248.jpg\" data-large-file=\"http:\/\/eastwego.com\/wp-content\/uploads\/2015\/09\/Packing-8.jpg\" loading=\"lazy\" class=\"wp-image-6142 size-full\" src=\"http:\/\/eastwego.com\/wp-content\/uploads\/2015\/09\/Packing-8.jpg\" alt=\"Packing-8\" width=\"700\" height=\"578\" srcset=\"http:\/\/eastwego.com\/wp-content\/uploads\/2015\/09\/Packing-8.jpg 700w, http:\/\/eastwego.com\/wp-content\/uploads\/2015\/09\/Packing-8-300x248.jpg 300w\" sizes=\"(max-width: 700px) 100vw, 700px\" \/><p id=\"caption-attachment-6142\" class=\"wp-caption-text\">Rzeczy Renato<\/p><\/div>\n<div id=\"attachment_6137\" style=\"width: 708px\" class=\"wp-caption alignnone\"><img aria-describedby=\"caption-attachment-6137\" data-attachment-id=\"6137\" data-permalink=\"http:\/\/eastwego.com\/pl\/packing-list\/packing-3\/\" data-orig-file=\"http:\/\/eastwego.com\/wp-content\/uploads\/2015\/09\/Packing-3.jpg\" data-orig-size=\"698,700\" data-comments-opened=\"1\" data-image-meta=\"{&quot;aperture&quot;:&quot;2&quot;,&quot;credit&quot;:&quot;&quot;,&quot;camera&quot;:&quot;X10&quot;,&quot;caption&quot;:&quot;&quot;,&quot;created_timestamp&quot;:&quot;1443349907&quot;,&quot;copyright&quot;:&quot;&quot;,&quot;focal_length&quot;:&quot;7.1&quot;,&quot;iso&quot;:&quot;100&quot;,&quot;shutter_speed&quot;:&quot;0.00625&quot;,&quot;title&quot;:&quot;&quot;,&quot;orientation&quot;:&quot;0&quot;}\" data-image-title=\"Packing list\" data-image-description=\"\" data-medium-file=\"http:\/\/eastwego.com\/wp-content\/uploads\/2015\/09\/Packing-3-300x300.jpg\" data-large-file=\"http:\/\/eastwego.com\/wp-content\/uploads\/2015\/09\/Packing-3.jpg\" loading=\"lazy\" class=\"wp-image-6137 size-full\" src=\"http:\/\/eastwego.com\/wp-content\/uploads\/2015\/09\/Packing-3.jpg\" alt=\"Packing-3\" width=\"698\" height=\"700\" srcset=\"http:\/\/eastwego.com\/wp-content\/uploads\/2015\/09\/Packing-3.jpg 698w, http:\/\/eastwego.com\/wp-content\/uploads\/2015\/09\/Packing-3-150x150.jpg 150w, http:\/\/eastwego.com\/wp-content\/uploads\/2015\/09\/Packing-3-300x300.jpg 300w, http:\/\/eastwego.com\/wp-content\/uploads\/2015\/09\/Packing-3-70x70.jpg 70w\" sizes=\"(max-width: 698px) 100vw, 698px\" \/><p id=\"caption-attachment-6137\" class=\"wp-caption-text\">Rzeczy Magdy<\/p><\/div>\n<p><strong>DOKUMENTY<\/strong><\/p>\n<ul>\n<li>Mi\u0119dzynarodowe prawo jazdy Renato<\/li>\n<li>Zdj\u0119cia do dokument\u00f3w<\/li>\n<li>Paszporty<\/li>\n<li>(ksi\u0105\u017ceczki szczepie\u0144 &#8211; skany wys\u0142ane na maila)(dokumenty zwi\u0105zane z ubezpieczeniem &#8211; skany na mailu)<\/li>\n<\/ul>\n<p>&nbsp;<\/p>\n<p><strong>SPRZ\u0118T ELEKTRONICZNY<\/strong><\/p>\n<ul>\n<li>komputer Magdy Samsung Ultrabook Series 5 13\u2019 5 + \u0142adowarka + etui<\/li>\n<li>komputer Renato HP Pavilion 11\u2019 + \u0142adowarka + etui<\/li>\n<li>pen drive 128 GB<\/li>\n<li>telefon Nokia + \u0142adowarka<\/li>\n<li>smartphone Samsung Galaxy s3 + \u0142adowarka<\/li>\n<li>aparat FujiFilm x10 + \u0142adowarka<\/li>\n<li>karta pami\u0119ci SD do aparatu FujiFilm<\/li>\n<li>2 baterie do aparatu FujiFilm<\/li>\n<li>aparat analogowy Nikon FM2<\/li>\n<li>4 filmy do Nikon (3 kolorowe i 1 bia\u0142oczarny)<\/li>\n<li>czytnik ksi\u0105\u017cek Kindle Paperwhite + kabel do \u0142adowania<\/li>\n<li>kamera GoPro Hero 3 black edition + \u0142adowarka + selfie stick<\/li>\n<li>ma\u0142e s\u0142uchawki z mikrofonem<\/li>\n<\/ul>\n<p><img data-attachment-id=\"6143\" data-permalink=\"http:\/\/eastwego.com\/pl\/packing-list\/packing-10\/\" data-orig-file=\"http:\/\/eastwego.com\/wp-content\/uploads\/2015\/09\/Packing-10.jpg\" data-orig-size=\"700,697\" data-comments-opened=\"1\" data-image-meta=\"{&quot;aperture&quot;:&quot;2.2&quot;,&quot;credit&quot;:&quot;&quot;,&quot;camera&quot;:&quot;A5000&quot;,&quot;caption&quot;:&quot;&quot;,&quot;created_timestamp&quot;:&quot;1443361492&quot;,&quot;copyright&quot;:&quot;&quot;,&quot;focal_length&quot;:&quot;3.5&quot;,&quot;iso&quot;:&quot;163&quot;,&quot;shutter_speed&quot;:&quot;0.01&quot;,&quot;title&quot;:&quot;&quot;,&quot;orientation&quot;:&quot;0&quot;}\" data-image-title=\"Packing-10\" data-image-description=\"\" data-medium-file=\"http:\/\/eastwego.com\/wp-content\/uploads\/2015\/09\/Packing-10-300x300.jpg\" data-large-file=\"http:\/\/eastwego.com\/wp-content\/uploads\/2015\/09\/Packing-10.jpg\" loading=\"lazy\" class=\"alignnone size-full wp-image-6143\" src=\"http:\/\/eastwego.com\/wp-content\/uploads\/2015\/09\/Packing-10.jpg\" alt=\"Packing-10\" width=\"700\" height=\"697\" srcset=\"http:\/\/eastwego.com\/wp-content\/uploads\/2015\/09\/Packing-10.jpg 700w, http:\/\/eastwego.com\/wp-content\/uploads\/2015\/09\/Packing-10-150x150.jpg 150w, http:\/\/eastwego.com\/wp-content\/uploads\/2015\/09\/Packing-10-300x300.jpg 300w, http:\/\/eastwego.com\/wp-content\/uploads\/2015\/09\/Packing-10-70x70.jpg 70w\" sizes=\"(max-width: 700px) 100vw, 700px\" \/><\/p>\n<p><strong>Kosmetyki Magda i Renato <\/strong><\/p>\n<ul>\n<li>\u017cel pod prysznic<\/li>\n<li>szampon<\/li>\n<li>pasta do z\u0119b\u00f3w i szczo<\/li>\n<li>teczki<\/li>\n<li>2 maszynki do golenia<\/li>\n<li>2 dezodoranty<\/li>\n<li>krem do opalania<\/li>\n<li>lekarstwa: Ibuprom, paracetamol, imodium, malarone, fenistil<\/li>\n<\/ul>\n<p><img data-attachment-id=\"6140\" data-permalink=\"http:\/\/eastwego.com\/pl\/packing-list\/packing-6\/\" data-orig-file=\"http:\/\/eastwego.com\/wp-content\/uploads\/2015\/09\/Packing-6.jpg\" data-orig-size=\"700,558\" data-comments-opened=\"1\" data-image-meta=\"{&quot;aperture&quot;:&quot;2.2&quot;,&quot;credit&quot;:&quot;&quot;,&quot;camera&quot;:&quot;X10&quot;,&quot;caption&quot;:&quot;&quot;,&quot;created_timestamp&quot;:&quot;1443350413&quot;,&quot;copyright&quot;:&quot;&quot;,&quot;focal_length&quot;:&quot;8.9&quot;,&quot;iso&quot;:&quot;200&quot;,&quot;shutter_speed&quot;:&quot;0.00166666666667&quot;,&quot;title&quot;:&quot;&quot;,&quot;orientation&quot;:&quot;0&quot;}\" data-image-title=\"Packing-6\" data-image-description=\"\" data-medium-file=\"http:\/\/eastwego.com\/wp-content\/uploads\/2015\/09\/Packing-6-300x239.jpg\" data-large-file=\"http:\/\/eastwego.com\/wp-content\/uploads\/2015\/09\/Packing-6.jpg\" loading=\"lazy\" class=\"alignnone size-full wp-image-6140\" src=\"http:\/\/eastwego.com\/wp-content\/uploads\/2015\/09\/Packing-6.jpg\" alt=\"Packing-6\" width=\"700\" height=\"558\" srcset=\"http:\/\/eastwego.com\/wp-content\/uploads\/2015\/09\/Packing-6.jpg 700w, http:\/\/eastwego.com\/wp-content\/uploads\/2015\/09\/Packing-6-300x239.jpg 300w\" sizes=\"(max-width: 700px) 100vw, 700px\" \/><\/p>\n<p><strong>UBRANIA &#8211; Magda<\/strong><\/p>\n<ul>\n<li>japonki<\/li>\n<li>sanda\u0142y<\/li>\n<li>buty trekkingowe<\/li>\n<li>kurtka przeciwdeszczowa<\/li>\n<li>bluza z kapturem<\/li>\n<li>3 bluzki na rami\u0105czkach<\/li>\n<li>2 podkoszulki<\/li>\n<li>jedna koszula d\u017cinsowa<\/li>\n<li>jedna koszulka z d\u0142ugim r\u0119kawem<\/li>\n<li>kr\u00f3tkie spodenki<\/li>\n<li>2 pary spodni (jedne z odpinanymi nogawkami)<\/li>\n<li>2 sp\u00f3dnice<\/li>\n<li>sukienka<\/li>\n<li>5 par majtek<\/li>\n<li>3 pary skarpetek<\/li>\n<li>cienka chusta<\/li>\n<li>2 staniki<\/li>\n<li>kostium k\u0105pielowy<\/li>\n<li>pid\u017cama<\/li>\n<\/ul>\n<p>&nbsp;<\/p>\n<p><strong>Kosmetyki i inne &#8211; Magda<\/strong><\/p>\n<ul>\n<li>ma\u0142y krem do twarzy<\/li>\n<li>szczotka do w\u0142os\u00f3w<\/li>\n<li>gumki do w\u0142os\u00f3w<\/li>\n<li>od\u017cywka do w\u0142os\u00f3w<\/li>\n<li>tusz do rz\u0119s, puder, kredka do oczu<\/li>\n<li>ma\u0142y p\u0142yn do demakija\u017cu + waciki<\/li>\n<li>p\u0119seta<\/li>\n<li>kubeczek menstruacyjny + tampony<\/li>\n<li>okulary<\/li>\n<li>okulary przeciws\u0142oneczne<\/li>\n<li>soczewki kontaktowe<\/li>\n<\/ul>\n<p><img data-attachment-id=\"6138\" data-permalink=\"http:\/\/eastwego.com\/pl\/packing-list\/packing-4\/\" data-orig-file=\"http:\/\/eastwego.com\/wp-content\/uploads\/2015\/09\/Packing-4.jpg\" data-orig-size=\"700,563\" data-comments-opened=\"1\" data-image-meta=\"{&quot;aperture&quot;:&quot;2&quot;,&quot;credit&quot;:&quot;&quot;,&quot;camera&quot;:&quot;X10&quot;,&quot;caption&quot;:&quot;&quot;,&quot;created_timestamp&quot;:&quot;1443350217&quot;,&quot;copyright&quot;:&quot;&quot;,&quot;focal_length&quot;:&quot;7.1&quot;,&quot;iso&quot;:&quot;100&quot;,&quot;shutter_speed&quot;:&quot;0.00294117647059&quot;,&quot;title&quot;:&quot;&quot;,&quot;orientation&quot;:&quot;0&quot;}\" data-image-title=\"Packing-4\" data-image-description=\"\" data-medium-file=\"http:\/\/eastwego.com\/wp-content\/uploads\/2015\/09\/Packing-4-300x241.jpg\" data-large-file=\"http:\/\/eastwego.com\/wp-content\/uploads\/2015\/09\/Packing-4.jpg\" loading=\"lazy\" class=\"alignnone size-full wp-image-6138\" src=\"http:\/\/eastwego.com\/wp-content\/uploads\/2015\/09\/Packing-4.jpg\" alt=\"Packing-4\" width=\"700\" height=\"563\" srcset=\"http:\/\/eastwego.com\/wp-content\/uploads\/2015\/09\/Packing-4.jpg 700w, http:\/\/eastwego.com\/wp-content\/uploads\/2015\/09\/Packing-4-300x241.jpg 300w\" sizes=\"(max-width: 700px) 100vw, 700px\" \/><\/p>\n<p><strong>UBRANIA i INNE &#8211; Renato<\/strong><\/p>\n<ul>\n<li>japonki<\/li>\n<li>sanda\u0142y<\/li>\n<li>buty trekingowe<\/li>\n<li>3 pary skarpetek<\/li>\n<li>4 pary bokserek<\/li>\n<li>d\u0142ugie spodnie z odpinanymi nogawkami<\/li>\n<li>kr\u00f3tkie spodnie<\/li>\n<li>spodenki k\u0105pielowe<\/li>\n<li>3 podkoszulki<\/li>\n<li>podkoszulka szybko schn\u0105ca<\/li>\n<li>podkoszulka z d\u0142ugim r\u0119kawem<\/li>\n<li>bluza z kapturem<\/li>\n<li>kurtka przeciwdeszczowa<\/li>\n<li>okulary przeciws\u0142oneczne<\/li>\n<\/ul>\n<p>&nbsp;<\/p>\n<p><strong>INNE <\/strong><\/p>\n<ul>\n<li>2 szybko schn\u0105ce r\u0119czniki<\/li>\n<li>2 wk\u0142adki do \u015bpiwor\u00f3w u\u017cywane jako prze\u015bcierad\u0142a<\/li>\n<li>3 torby do pakowania<\/li>\n<li>2 k\u0142\u00f3dki<\/li>\n<li>2 pokrowce przeciwdeszczowe na plecaki<\/li>\n<li>scyzoryk<\/li>\n<li>latarka<\/li>\n<li>notatnik i d\u0142ugopis<\/li>\n<\/ul>\n<p><a href=\"http:\/\/eastwego.com\/pl\/our-backpacks\/\" target=\"_blank\"><img data-attachment-id=\"6515\" data-permalink=\"http:\/\/eastwego.com\/pl\/packing-list\/our-backpacks-pl-390x390\/\" data-orig-file=\"http:\/\/eastwego.com\/wp-content\/uploads\/2015\/09\/our-backpacks-PL-390x390.jpg\" data-orig-size=\"390,390\" data-comments-opened=\"1\" data-image-meta=\"{&quot;aperture&quot;:&quot;2.2&quot;,&quot;credit&quot;:&quot;&quot;,&quot;camera&quot;:&quot;X10&quot;,&quot;caption&quot;:&quot;&quot;,&quot;created_timestamp&quot;:&quot;1442400576&quot;,&quot;copyright&quot;:&quot;&quot;,&quot;focal_length&quot;:&quot;7.9&quot;,&quot;iso&quot;:&quot;400&quot;,&quot;shutter_speed&quot;:&quot;0.05&quot;,&quot;title&quot;:&quot;&quot;,&quot;orientation&quot;:&quot;0&quot;}\" data-image-title=\"our backpacks PL (390&#215;390)\" data-image-description=\"\" data-medium-file=\"http:\/\/eastwego.com\/wp-content\/uploads\/2015\/09\/our-backpacks-PL-390x390-300x300.jpg\" data-large-file=\"http:\/\/eastwego.com\/wp-content\/uploads\/2015\/09\/our-backpacks-PL-390x390.jpg\" loading=\"lazy\" class=\"alignnone wp-image-6515 size-thumbnail\" src=\"http:\/\/eastwego.com\/wp-content\/uploads\/2015\/09\/our-backpacks-PL-390x390-150x150.jpg\" alt=\"our backpacks PL (390x390)\" width=\"150\" height=\"150\" srcset=\"http:\/\/eastwego.com\/wp-content\/uploads\/2015\/09\/our-backpacks-PL-390x390-150x150.jpg 150w, http:\/\/eastwego.com\/wp-content\/uploads\/2015\/09\/our-backpacks-PL-390x390-300x300.jpg 300w, http:\/\/eastwego.com\/wp-content\/uploads\/2015\/09\/our-backpacks-PL-390x390-70x70.jpg 70w, http:\/\/eastwego.com\/wp-content\/uploads\/2015\/09\/our-backpacks-PL-390x390.jpg 390w\" sizes=\"(max-width: 150px) 100vw, 150px\" \/><\/a>","protected":false},"excerpt":{"rendered":"<p>Oto lista rzeczy, kt\u00f3re spakowali\u015bmy na nasz\u0105 podr\u00f3\u017c z plecakami po Azji po\u0142udniowo-wschodniej. DOKUMENTY Mi\u0119dzynarodowe prawo jazdy Renato Zdj\u0119cia do dokument\u00f3w Paszporty (ksi\u0105\u017ceczki szczepie\u0144 &#8211; skany wys\u0142ane na maila)(dokumenty zwi\u0105zane z ubezpieczeniem &#8211; skany na mailu) &nbsp; SPRZ\u0118T ELEKTRONICZNY komputer Magdy Samsung Ultrabook Series 5 13\u2019 5 + \u0142adowarka + etui komputer Renato HP Pavilion &#8230;<\/p>\n","protected":false},"author":1,"featured_media":6137,"parent":0,"menu_order":0,"comment_status":"closed","ping_status":"closed","template":"","meta":{"spay_email":""},"jetpack_shortlink":"https:\/\/wp.me\/P5eCDx-1st","jetpack_sharing_enabled":true,"_links":{"self":[{"href":"http:\/\/eastwego.com\/pl\/wp-json\/wp\/v2\/pages\/5609"}],"collection":[{"href":"http:\/\/eastwego.com\/pl\/wp-json\/wp\/v2\/pages"}],"about":[{"href":"http:\/\/eastwego.com\/pl\/wp-json\/wp\/v2\/types\/page"}],"author":[{"embeddable":true,"href":"http:\/\/eastwego.com\/pl\/wp-json\/wp\/v2\/users\/1"}],"replies":[{"embeddable":true,"href":"http:\/\/eastwego.com\/pl\/wp-json\/wp\/v2\/comments?post=5609"}],"version-history":[{"count":2,"href":"http:\/\/eastwego.com\/pl\/wp-json\/wp\/v2\/pages\/5609\/revisions"}],"predecessor-version":[{"id":6517,"href":"http:\/\/eastwego.com\/pl\/wp-json\/wp\/v2\/pages\/5609\/revisions\/6517"}],"wp:featuredmedia":[{"embeddable":true,"href":"http:\/\/eastwego.com\/pl\/wp-json\/wp\/v2\/media\/6137"}],"wp:attachment":[{"href":"http:\/\/eastwego.com\/pl\/wp-json\/wp\/v2\/media?parent=5609"}],"curies":[{"name":"wp","href":"https:\/\/api.w.org\/{rel}","templated":true}]}}