{"id":34,"date":"2014-10-21T18:17:54","date_gmt":"2014-10-21T18:17:54","guid":{"rendered":"http:\/\/eastwego.com\/?page_id=34"},"modified":"2016-02-16T12:43:40","modified_gmt":"2016-02-16T12:43:40","slug":"about-us","status":"publish","type":"page","link":"http:\/\/eastwego.com\/pt\/about-us\/","title":{"rendered":"Quem somos?"},"content":{"rendered":"<img data-attachment-id=\"1542\" data-permalink=\"http:\/\/eastwego.com\/pt\/about-us\/dscf9577\/\" data-orig-file=\"http:\/\/eastwego.com\/wp-content\/uploads\/2014\/10\/DSCF9577.jpg\" data-orig-size=\"4000,2248\" data-comments-opened=\"1\" data-image-meta=\"{&quot;aperture&quot;:&quot;2.2&quot;,&quot;credit&quot;:&quot;&quot;,&quot;camera&quot;:&quot;X10&quot;,&quot;caption&quot;:&quot;&quot;,&quot;created_timestamp&quot;:&quot;1420916072&quot;,&quot;copyright&quot;:&quot;&quot;,&quot;focal_length&quot;:&quot;9.6&quot;,&quot;iso&quot;:&quot;400&quot;,&quot;shutter_speed&quot;:&quot;0.0285714285714&quot;,&quot;title&quot;:&quot;&quot;,&quot;orientation&quot;:&quot;0&quot;}\" data-image-title=\"Us\" data-image-description=\"\" data-medium-file=\"http:\/\/eastwego.com\/wp-content\/uploads\/2014\/10\/DSCF9577-300x169.jpg\" data-large-file=\"http:\/\/eastwego.com\/wp-content\/uploads\/2014\/10\/DSCF9577-1024x575.jpg\" loading=\"lazy\" class=\"alignnone wp-image-1542 size-large\" src=\"http:\/\/eastwego.com\/wp-content\/uploads\/2014\/10\/DSCF9577-1024x575.jpg\" alt=\"Us\" width=\"620\" height=\"348\" srcset=\"http:\/\/eastwego.com\/wp-content\/uploads\/2014\/10\/DSCF9577-1024x575.jpg 1024w, http:\/\/eastwego.com\/wp-content\/uploads\/2014\/10\/DSCF9577-300x169.jpg 300w\" sizes=\"(max-width: 620px) 100vw, 620px\" \/><\/p>\n<p style=\"text-align: justify;\">O <strong>Renato<\/strong> nasceu no Porto h\u00e1 mais de 3 d\u00e9cadas e um dia depois mudou-se para Sanguedo, Santa Maria da Feira. Aos 18 anos voltou a cidade que o viu nascer para estudar Recursos Humanos e fazer-se homem. Depois de algumas viagens independentes bem sucedidas pela Europa, Asia, America do Norte e Norte de Africa, \u00a0apercebeu-se que tinha que haver mais que apenas umas semanas por ano para viajar e comecou a planear a volta ao mundo. O Renato \u00e9 um teimoso sonhador. N\u00e3o \u00e9 f\u00e1cil desvia-lo dos seus planos mas gra\u00e7as a isso estamos a realizar a nossa viagem de sonho.<\/p>\n<p>Posts do Renato:\u00a0<a href=\"http:\/\/eastwego.com\/pt\/category\/renatos-posts\/\" target=\"_blank\">http:\/\/eastwego.com\/category\/renatos-posts\/<\/a><\/p>\n<p style=\"text-align: justify;\">A <strong>Magda<\/strong> nasceu na Pol\u00f3nia h\u00e1 27 anos e ganhou o gosto de viajar desde muito cedo atrav\u00e9s das viagens que fazia com a fam\u00edlia quando era pequena. Na Pol\u00f3nia nos anos 90 n\u00e3o era f\u00e1cil de viajar mas umas simples f\u00e9rias ao p\u00e9 do lago com um grupo grande de fam\u00edlia e amigos era mais que suficiente. Saiu de Crac\u00f3via para se tornar mestre em Lingu\u00edsticas Aplicadas em Varsovia e n\u00e3o mais voltou. Os amigos da Magda chamam-lhe a pessoa mais razo\u00e1vel e pr\u00e1tica do mundo, o que vai por vezes contra a maneira sonhadora e optimista do Renato pensar. Viveu na Pol\u00f3nia, em Espanha, em Portugal e nos Emirados \u00c1rabes Unidos e esta agora a realizar um sonho de h\u00e1 muito tempo de ver o mundo com os seus pr\u00f3prios olhos.\u00a0Ela interessa-se por fotografia, em especial a <a href=\"http:\/\/eastwego.com\/pt\/analog-photography\/\" target=\"_blank\">anal\u00f3gica<\/a> por isso a juntar \u00e0 sua j\u00e1 pesada mochila ela carrega uma Nikon FM2 que pesa mais um kg.<\/p>\n<p>Post da Magda:\u00a0<a href=\"http:\/\/eastwego.com\/pt\/category\/magdas-posts\/\" target=\"_blank\">http:\/\/eastwego.com\/category\/magdas-posts\/<\/a><\/p>\n<p>&nbsp;<\/p>\n<div class=\"tiled-gallery type-circle tiled-gallery-unresized\" data-original-width=\"620\" data-carousel-extra='{&quot;blog_id&quot;:1,&quot;permalink&quot;:&quot;http:\\\/\\\/eastwego.com\\\/pt\\\/about-us\\\/&quot;,&quot;likes_blog_id&quot;:77366795}' itemscope itemtype=\"http:\/\/schema.org\/ImageGallery\" > <div class=\"gallery-row\" style=\"width: 620px; height: 155px;\" data-original-width=\"620\" data-original-height=\"155\" > <div class=\"gallery-group\" style=\"width: 155px; height: 155px;\" data-original-width=\"155\" data-original-height=\"155\" > <div class=\"tiled-gallery-item \" itemprop=\"associatedMedia\" itemscope itemtype=\"http:\/\/schema.org\/ImageObject\"> <a href=\"https:\/\/i1.wp.com\/eastwego.com\/wp-content\/uploads\/2015\/08\/bamboo-2.jpg\" border=\"0\" itemprop=\"url\"> <meta itemprop=\"width\" content=\"151\"> <meta itemprop=\"height\" content=\"151\"> <img data-attachment-id=\"5310\" data-orig-file=\"http:\/\/eastwego.com\/wp-content\/uploads\/2015\/08\/bamboo-2.jpg\" data-orig-size=\"700,394\" data-comments-opened=\"1\" data-image-meta=\"{&quot;aperture&quot;:&quot;3.6&quot;,&quot;credit&quot;:&quot;&quot;,&quot;camera&quot;:&quot;X10&quot;,&quot;caption&quot;:&quot;&quot;,&quot;created_timestamp&quot;:&quot;1439719949&quot;,&quot;copyright&quot;:&quot;&quot;,&quot;focal_length&quot;:&quot;7.1&quot;,&quot;iso&quot;:&quot;100&quot;,&quot;shutter_speed&quot;:&quot;0.00208333333333&quot;,&quot;title&quot;:&quot;&quot;,&quot;orientation&quot;:&quot;0&quot;}\" data-image-title=\"Bamboo Train, Battambang\" data-image-description=\"\" data-medium-file=\"http:\/\/eastwego.com\/wp-content\/uploads\/2015\/08\/bamboo-2-300x169.jpg\" data-large-file=\"http:\/\/eastwego.com\/wp-content\/uploads\/2015\/08\/bamboo-2.jpg\" src=\"https:\/\/i1.wp.com\/eastwego.com\/wp-content\/uploads\/2015\/08\/bamboo-2.jpg?w=151&#038;h=151&#038;crop=1\" width=\"151\" height=\"151\" data-original-width=\"151\" data-original-height=\"151\" itemprop=\"http:\/\/schema.org\/image\" title=\"Bamboo Train, Battambang\" alt=\"Battambang\" style=\"width: 151px; height: 151px;\" \/> <\/a> <div class=\"tiled-gallery-caption\" itemprop=\"caption description\"> Battambang <\/div> <\/div> <\/div> <div class=\"gallery-group\" style=\"width: 155px; height: 155px;\" data-original-width=\"155\" data-original-height=\"155\" > <div class=\"tiled-gallery-item \" itemprop=\"associatedMedia\" itemscope itemtype=\"http:\/\/schema.org\/ImageObject\"> <a href=\"https:\/\/i1.wp.com\/eastwego.com\/wp-content\/uploads\/2015\/08\/Koh-Tao-35.jpg\" border=\"0\" itemprop=\"url\"> <meta itemprop=\"width\" content=\"151\"> <meta itemprop=\"height\" content=\"151\"> <img data-attachment-id=\"5186\" data-orig-file=\"http:\/\/eastwego.com\/wp-content\/uploads\/2015\/08\/Koh-Tao-35.jpg\" data-orig-size=\"700,525\" data-comments-opened=\"1\" data-image-meta=\"{&quot;aperture&quot;:&quot;2.8&quot;,&quot;credit&quot;:&quot;&quot;,&quot;camera&quot;:&quot;HERO3+ Black Edition&quot;,&quot;caption&quot;:&quot;DCIM100GOPRO&quot;,&quot;created_timestamp&quot;:&quot;1438786080&quot;,&quot;copyright&quot;:&quot;&quot;,&quot;focal_length&quot;:&quot;2.77&quot;,&quot;iso&quot;:&quot;100&quot;,&quot;shutter_speed&quot;:&quot;0.00105263157895&quot;,&quot;title&quot;:&quot;DCIM100GOPRO&quot;,&quot;orientation&quot;:&quot;0&quot;}\" data-image-title=\"DCIM100GOPRO\" data-image-description=\"\" data-medium-file=\"http:\/\/eastwego.com\/wp-content\/uploads\/2015\/08\/Koh-Tao-35-300x225.jpg\" data-large-file=\"http:\/\/eastwego.com\/wp-content\/uploads\/2015\/08\/Koh-Tao-35.jpg\" src=\"https:\/\/i1.wp.com\/eastwego.com\/wp-content\/uploads\/2015\/08\/Koh-Tao-35.jpg?w=151&#038;h=151&#038;crop=1\" width=\"151\" height=\"151\" data-original-width=\"151\" data-original-height=\"151\" itemprop=\"http:\/\/schema.org\/image\" title=\"DCIM100GOPRO\" alt=\"Koh Tao - Thailand\" style=\"width: 151px; height: 151px;\" \/> <\/a> <div class=\"tiled-gallery-caption\" itemprop=\"caption description\"> Koh Tao &#8211; Thailand <\/div> <\/div> <\/div> <div class=\"gallery-group\" style=\"width: 155px; height: 155px;\" data-original-width=\"155\" data-original-height=\"155\" > <div class=\"tiled-gallery-item \" itemprop=\"associatedMedia\" itemscope itemtype=\"http:\/\/schema.org\/ImageObject\"> <a href=\"https:\/\/i0.wp.com\/eastwego.com\/wp-content\/uploads\/2015\/08\/Koh-Tao-12.jpg\" border=\"0\" itemprop=\"url\"> <meta itemprop=\"width\" content=\"151\"> <meta itemprop=\"height\" content=\"151\"> <img data-attachment-id=\"5163\" data-orig-file=\"http:\/\/eastwego.com\/wp-content\/uploads\/2015\/08\/Koh-Tao-12.jpg\" data-orig-size=\"700,394\" data-comments-opened=\"1\" data-image-meta=\"{&quot;aperture&quot;:&quot;3.2&quot;,&quot;credit&quot;:&quot;&quot;,&quot;camera&quot;:&quot;X10&quot;,&quot;caption&quot;:&quot;&quot;,&quot;created_timestamp&quot;:&quot;1438693181&quot;,&quot;copyright&quot;:&quot;&quot;,&quot;focal_length&quot;:&quot;7.1&quot;,&quot;iso&quot;:&quot;100&quot;,&quot;shutter_speed&quot;:&quot;0.00111111111111&quot;,&quot;title&quot;:&quot;&quot;,&quot;orientation&quot;:&quot;0&quot;}\" data-image-title=\"Koh Tao-12\" data-image-description=\"\" data-medium-file=\"http:\/\/eastwego.com\/wp-content\/uploads\/2015\/08\/Koh-Tao-12-300x169.jpg\" data-large-file=\"http:\/\/eastwego.com\/wp-content\/uploads\/2015\/08\/Koh-Tao-12.jpg\" src=\"https:\/\/i0.wp.com\/eastwego.com\/wp-content\/uploads\/2015\/08\/Koh-Tao-12.jpg?w=151&#038;h=151&#038;crop=1\" width=\"151\" height=\"151\" data-original-width=\"151\" data-original-height=\"151\" itemprop=\"http:\/\/schema.org\/image\" title=\"Koh Tao-12\" alt=\"Koh Tao - Thailand\" style=\"width: 151px; height: 151px;\" \/> <\/a> <div class=\"tiled-gallery-caption\" itemprop=\"caption description\"> Koh Tao &#8211; Thailand <\/div> <\/div> <\/div> <div class=\"gallery-group\" style=\"width: 155px; height: 155px;\" data-original-width=\"155\" data-original-height=\"155\" > <div class=\"tiled-gallery-item \" itemprop=\"associatedMedia\" itemscope itemtype=\"http:\/\/schema.org\/ImageObject\"> <a href=\"https:\/\/i1.wp.com\/eastwego.com\/wp-content\/uploads\/2015\/07\/bangkok-38.jpg\" border=\"0\" itemprop=\"url\"> <meta itemprop=\"width\" content=\"151\"> <meta itemprop=\"height\" content=\"151\"> <img data-attachment-id=\"4605\" data-orig-file=\"http:\/\/eastwego.com\/wp-content\/uploads\/2015\/07\/bangkok-38.jpg\" data-orig-size=\"700,469\" data-comments-opened=\"1\" data-image-meta=\"{&quot;aperture&quot;:&quot;2.2&quot;,&quot;credit&quot;:&quot;&quot;,&quot;camera&quot;:&quot;X10&quot;,&quot;caption&quot;:&quot;&quot;,&quot;created_timestamp&quot;:&quot;1436966970&quot;,&quot;copyright&quot;:&quot;&quot;,&quot;focal_length&quot;:&quot;9.6&quot;,&quot;iso&quot;:&quot;100&quot;,&quot;shutter_speed&quot;:&quot;0.00357142857143&quot;,&quot;title&quot;:&quot;&quot;,&quot;orientation&quot;:&quot;0&quot;}\" data-image-title=\"bangkok-38\" data-image-description=\"\" data-medium-file=\"http:\/\/eastwego.com\/wp-content\/uploads\/2015\/07\/bangkok-38-300x201.jpg\" data-large-file=\"http:\/\/eastwego.com\/wp-content\/uploads\/2015\/07\/bangkok-38.jpg\" src=\"https:\/\/i1.wp.com\/eastwego.com\/wp-content\/uploads\/2015\/07\/bangkok-38.jpg?w=151&#038;h=151&#038;crop=1\" width=\"151\" height=\"151\" data-original-width=\"151\" data-original-height=\"151\" itemprop=\"http:\/\/schema.org\/image\" title=\"bangkok-38\" alt=\"Wat Pho - Bangkok\" style=\"width: 151px; height: 151px;\" \/> <\/a> <div class=\"tiled-gallery-caption\" itemprop=\"caption description\"> Wat Pho &#8211; Bangkok <\/div> <\/div> <\/div> <\/div> <div class=\"gallery-row\" style=\"width: 620px; height: 155px;\" data-original-width=\"620\" data-original-height=\"155\" > <div class=\"gallery-group\" style=\"width: 155px; height: 155px;\" data-original-width=\"155\" data-original-height=\"155\" > <div class=\"tiled-gallery-item \" itemprop=\"associatedMedia\" itemscope itemtype=\"http:\/\/schema.org\/ImageObject\"> <a href=\"https:\/\/i1.wp.com\/eastwego.com\/wp-content\/uploads\/2015\/06\/Salzburg-23.jpg\" border=\"0\" itemprop=\"url\"> <meta itemprop=\"width\" content=\"151\"> <meta itemprop=\"height\" content=\"151\"> <img data-attachment-id=\"4025\" data-orig-file=\"http:\/\/eastwego.com\/wp-content\/uploads\/2015\/06\/Salzburg-23.jpg\" data-orig-size=\"800,450\" data-comments-opened=\"1\" data-image-meta=\"{&quot;aperture&quot;:&quot;2&quot;,&quot;credit&quot;:&quot;&quot;,&quot;camera&quot;:&quot;X10&quot;,&quot;caption&quot;:&quot;&quot;,&quot;created_timestamp&quot;:&quot;1432675844&quot;,&quot;copyright&quot;:&quot;&quot;,&quot;focal_length&quot;:&quot;7.1&quot;,&quot;iso&quot;:&quot;200&quot;,&quot;shutter_speed&quot;:&quot;0.00909090909091&quot;,&quot;title&quot;:&quot;&quot;,&quot;orientation&quot;:&quot;0&quot;}\" data-image-title=\"Salzburg-23\" data-image-description=\"\" data-medium-file=\"http:\/\/eastwego.com\/wp-content\/uploads\/2015\/06\/Salzburg-23-300x169.jpg\" data-large-file=\"http:\/\/eastwego.com\/wp-content\/uploads\/2015\/06\/Salzburg-23.jpg\" src=\"https:\/\/i1.wp.com\/eastwego.com\/wp-content\/uploads\/2015\/06\/Salzburg-23.jpg?w=151&#038;h=151&#038;crop=1\" width=\"151\" height=\"151\" data-original-width=\"151\" data-original-height=\"151\" itemprop=\"http:\/\/schema.org\/image\" title=\"Salzburg-23\" alt=\"Salzburg\" style=\"width: 151px; height: 151px;\" \/> <\/a> <div class=\"tiled-gallery-caption\" itemprop=\"caption description\"> Salzburg <\/div> <\/div> <\/div> <div class=\"gallery-group\" style=\"width: 155px; height: 155px;\" data-original-width=\"155\" data-original-height=\"155\" > <div class=\"tiled-gallery-item \" itemprop=\"associatedMedia\" itemscope itemtype=\"http:\/\/schema.org\/ImageObject\"> <a href=\"https:\/\/i1.wp.com\/eastwego.com\/wp-content\/uploads\/2015\/06\/Liechtenstein-18.jpg\" border=\"0\" itemprop=\"url\"> <meta itemprop=\"width\" content=\"151\"> <meta itemprop=\"height\" content=\"151\"> <img data-attachment-id=\"3977\" data-orig-file=\"http:\/\/eastwego.com\/wp-content\/uploads\/2015\/06\/Liechtenstein-18.jpg\" data-orig-size=\"800,450\" data-comments-opened=\"1\" data-image-meta=\"{&quot;aperture&quot;:&quot;2.8&quot;,&quot;credit&quot;:&quot;&quot;,&quot;camera&quot;:&quot;X10&quot;,&quot;caption&quot;:&quot;&quot;,&quot;created_timestamp&quot;:&quot;1432644081&quot;,&quot;copyright&quot;:&quot;&quot;,&quot;focal_length&quot;:&quot;7.1&quot;,&quot;iso&quot;:&quot;100&quot;,&quot;shutter_speed&quot;:&quot;0.00294117647059&quot;,&quot;title&quot;:&quot;&quot;,&quot;orientation&quot;:&quot;0&quot;}\" data-image-title=\"Liechtenstein-18\" data-image-description=\"\" data-medium-file=\"http:\/\/eastwego.com\/wp-content\/uploads\/2015\/06\/Liechtenstein-18-300x169.jpg\" data-large-file=\"http:\/\/eastwego.com\/wp-content\/uploads\/2015\/06\/Liechtenstein-18.jpg\" src=\"https:\/\/i1.wp.com\/eastwego.com\/wp-content\/uploads\/2015\/06\/Liechtenstein-18.jpg?w=151&#038;h=151&#038;crop=1\" width=\"151\" height=\"151\" data-original-width=\"151\" data-original-height=\"151\" itemprop=\"http:\/\/schema.org\/image\" title=\"Liechtenstein-18\" alt=\"Vaduz - Liechtenstein\" style=\"width: 151px; height: 151px;\" \/> <\/a> <div class=\"tiled-gallery-caption\" itemprop=\"caption description\"> Vaduz &#8211; Liechtenstein <\/div> <\/div> <\/div> <div class=\"gallery-group\" style=\"width: 155px; height: 155px;\" data-original-width=\"155\" data-original-height=\"155\" > <div class=\"tiled-gallery-item \" itemprop=\"associatedMedia\" itemscope itemtype=\"http:\/\/schema.org\/ImageObject\"> <a href=\"https:\/\/i2.wp.com\/eastwego.com\/wp-content\/uploads\/2015\/06\/Interlaken-and-waterfall-10.jpg\" border=\"0\" itemprop=\"url\"> <meta itemprop=\"width\" content=\"151\"> <meta itemprop=\"height\" content=\"151\"> <img data-attachment-id=\"3882\" data-orig-file=\"http:\/\/eastwego.com\/wp-content\/uploads\/2015\/06\/Interlaken-and-waterfall-10.jpg\" data-orig-size=\"800,450\" data-comments-opened=\"1\" data-image-meta=\"{&quot;aperture&quot;:&quot;2&quot;,&quot;credit&quot;:&quot;&quot;,&quot;camera&quot;:&quot;X10&quot;,&quot;caption&quot;:&quot;&quot;,&quot;created_timestamp&quot;:&quot;1432568078&quot;,&quot;copyright&quot;:&quot;&quot;,&quot;focal_length&quot;:&quot;7.1&quot;,&quot;iso&quot;:&quot;500&quot;,&quot;shutter_speed&quot;:&quot;0.0666666666667&quot;,&quot;title&quot;:&quot;&quot;,&quot;orientation&quot;:&quot;0&quot;}\" data-image-title=\"Interlaken and waterfall-10\" data-image-description=\"\" data-medium-file=\"http:\/\/eastwego.com\/wp-content\/uploads\/2015\/06\/Interlaken-and-waterfall-10-300x169.jpg\" data-large-file=\"http:\/\/eastwego.com\/wp-content\/uploads\/2015\/06\/Interlaken-and-waterfall-10.jpg\" src=\"https:\/\/i2.wp.com\/eastwego.com\/wp-content\/uploads\/2015\/06\/Interlaken-and-waterfall-10.jpg?w=151&#038;h=151&#038;crop=1\" width=\"151\" height=\"151\" data-original-width=\"151\" data-original-height=\"151\" itemprop=\"http:\/\/schema.org\/image\" title=\"Interlaken and waterfall-10\" alt=\"Tr\u00fcmmelbach\" style=\"width: 151px; height: 151px;\" \/> <\/a> <div class=\"tiled-gallery-caption\" itemprop=\"caption description\"> Tr\u00fcmmelbach <\/div> <\/div> <\/div> <div class=\"gallery-group\" style=\"width: 155px; height: 155px;\" data-original-width=\"155\" data-original-height=\"155\" > <div class=\"tiled-gallery-item \" itemprop=\"associatedMedia\" itemscope itemtype=\"http:\/\/schema.org\/ImageObject\"> <a href=\"https:\/\/i0.wp.com\/eastwego.com\/wp-content\/uploads\/2015\/06\/Andorra-41.jpg\" border=\"0\" itemprop=\"url\"> <meta itemprop=\"width\" content=\"151\"> <meta itemprop=\"height\" content=\"151\"> <img data-attachment-id=\"3484\" data-orig-file=\"http:\/\/eastwego.com\/wp-content\/uploads\/2015\/06\/Andorra-41.jpg\" data-orig-size=\"800,450\" data-comments-opened=\"1\" data-image-meta=\"{&quot;aperture&quot;:&quot;4.5&quot;,&quot;credit&quot;:&quot;&quot;,&quot;camera&quot;:&quot;X10&quot;,&quot;caption&quot;:&quot;&quot;,&quot;created_timestamp&quot;:&quot;1432049878&quot;,&quot;copyright&quot;:&quot;&quot;,&quot;focal_length&quot;:&quot;7.1&quot;,&quot;iso&quot;:&quot;100&quot;,&quot;shutter_speed&quot;:&quot;0.0015625&quot;,&quot;title&quot;:&quot;&quot;,&quot;orientation&quot;:&quot;0&quot;}\" data-image-title=\"Andorra-41\" data-image-description=\"\" data-medium-file=\"http:\/\/eastwego.com\/wp-content\/uploads\/2015\/06\/Andorra-41-300x169.jpg\" data-large-file=\"http:\/\/eastwego.com\/wp-content\/uploads\/2015\/06\/Andorra-41.jpg\" src=\"https:\/\/i0.wp.com\/eastwego.com\/wp-content\/uploads\/2015\/06\/Andorra-41.jpg?w=151&#038;h=151&#038;crop=1\" width=\"151\" height=\"151\" data-original-width=\"151\" data-original-height=\"151\" itemprop=\"http:\/\/schema.org\/image\" title=\"Andorra-41\" alt=\"Andorra\" style=\"width: 151px; height: 151px;\" \/> <\/a> <div class=\"tiled-gallery-caption\" itemprop=\"caption description\"> Andorra <\/div> <\/div> <\/div> <\/div> <\/div>\n<p>O nosso percurso at\u00e9 agora:<br \/>\n<div class=\"nwm-wrap\" ><div id=\"nwm-map-1\" class=\"nomad-world-map\" ><\/div><div class=\"nwm-destination-list\"><div class=\"nwm-back nwm-control\"><\/div><ul><\/ul><div class=\"nwm-forward nwm-control\"><\/div><\/div><\/div>","protected":false},"excerpt":{"rendered":"<p>O Renato nasceu no Porto h\u00e1 mais de 3 d\u00e9cadas e um dia depois mudou-se para Sanguedo, Santa Maria da Feira. Aos 18 anos voltou a cidade que o viu nascer para estudar Recursos Humanos e fazer-se homem. Depois de algumas viagens independentes bem sucedidas pela Europa, Asia, America do Norte e Norte de Africa, &#8230;<\/p>\n","protected":false},"author":1,"featured_media":1545,"parent":0,"menu_order":1,"comment_status":"closed","ping_status":"closed","template":"","meta":{"spay_email":""},"jetpack_shortlink":"https:\/\/wp.me\/P5eCDx-y","jetpack_sharing_enabled":true,"_links":{"self":[{"href":"http:\/\/eastwego.com\/pt\/wp-json\/wp\/v2\/pages\/34"}],"collection":[{"href":"http:\/\/eastwego.com\/pt\/wp-json\/wp\/v2\/pages"}],"about":[{"href":"http:\/\/eastwego.com\/pt\/wp-json\/wp\/v2\/types\/page"}],"author":[{"embeddable":true,"href":"http:\/\/eastwego.com\/pt\/wp-json\/wp\/v2\/users\/1"}],"replies":[{"embeddable":true,"href":"http:\/\/eastwego.com\/pt\/wp-json\/wp\/v2\/comments?post=34"}],"version-history":[{"count":3,"href":"http:\/\/eastwego.com\/pt\/wp-json\/wp\/v2\/pages\/34\/revisions"}],"predecessor-version":[{"id":7913,"href":"http:\/\/eastwego.com\/pt\/wp-json\/wp\/v2\/pages\/34\/revisions\/7913"}],"wp:featuredmedia":[{"embeddable":true,"href":"http:\/\/eastwego.com\/pt\/wp-json\/wp\/v2\/media\/1545"}],"wp:attachment":[{"href":"http:\/\/eastwego.com\/pt\/wp-json\/wp\/v2\/media?parent=34"}],"curies":[{"name":"wp","href":"https:\/\/api.w.org\/{rel}","templated":true}]}}