{"id":5609,"date":"2015-09-08T12:46:09","date_gmt":"2015-09-08T12:46:09","guid":{"rendered":"http:\/\/eastwego.com\/?page_id=5609"},"modified":"2015-11-19T03:01:34","modified_gmt":"2015-11-19T03:01:34","slug":"packing-list","status":"publish","type":"page","link":"http:\/\/eastwego.com\/pt\/packing-list\/","title":{"rendered":"O que levamos"},"content":{"rendered":"<strong>Aqui est\u00e1 a lista de coisas que levamos connosco para a nossa viagem no Sudeste Asi\u00e1tico<\/strong><\/p>\n<div id=\"attachment_6137\" style=\"width: 708px\" class=\"wp-caption alignnone\"><img aria-describedby=\"caption-attachment-6137\" data-attachment-id=\"6137\" data-permalink=\"http:\/\/eastwego.com\/pt\/packing-list\/packing-3\/\" data-orig-file=\"http:\/\/eastwego.com\/wp-content\/uploads\/2015\/09\/Packing-3.jpg\" data-orig-size=\"698,700\" data-comments-opened=\"1\" data-image-meta=\"{&quot;aperture&quot;:&quot;2&quot;,&quot;credit&quot;:&quot;&quot;,&quot;camera&quot;:&quot;X10&quot;,&quot;caption&quot;:&quot;&quot;,&quot;created_timestamp&quot;:&quot;1443349907&quot;,&quot;copyright&quot;:&quot;&quot;,&quot;focal_length&quot;:&quot;7.1&quot;,&quot;iso&quot;:&quot;100&quot;,&quot;shutter_speed&quot;:&quot;0.00625&quot;,&quot;title&quot;:&quot;&quot;,&quot;orientation&quot;:&quot;0&quot;}\" data-image-title=\"Packing list\" data-image-description=\"\" data-medium-file=\"http:\/\/eastwego.com\/wp-content\/uploads\/2015\/09\/Packing-3-300x300.jpg\" data-large-file=\"http:\/\/eastwego.com\/wp-content\/uploads\/2015\/09\/Packing-3.jpg\" loading=\"lazy\" class=\"wp-image-6137 size-full\" src=\"http:\/\/eastwego.com\/wp-content\/uploads\/2015\/09\/Packing-3.jpg\" alt=\"Packing-3\" width=\"698\" height=\"700\" srcset=\"http:\/\/eastwego.com\/wp-content\/uploads\/2015\/09\/Packing-3.jpg 698w, http:\/\/eastwego.com\/wp-content\/uploads\/2015\/09\/Packing-3-150x150.jpg 150w, http:\/\/eastwego.com\/wp-content\/uploads\/2015\/09\/Packing-3-300x300.jpg 300w, http:\/\/eastwego.com\/wp-content\/uploads\/2015\/09\/Packing-3-70x70.jpg 70w\" sizes=\"(max-width: 698px) 100vw, 698px\" \/><p id=\"caption-attachment-6137\" class=\"wp-caption-text\">A bagagem da Magda<\/p><\/div>\n<div id=\"attachment_6142\" style=\"width: 710px\" class=\"wp-caption alignnone\"><img aria-describedby=\"caption-attachment-6142\" data-attachment-id=\"6142\" data-permalink=\"http:\/\/eastwego.com\/pt\/packing-list\/packing-8\/\" data-orig-file=\"http:\/\/eastwego.com\/wp-content\/uploads\/2015\/09\/Packing-8.jpg\" data-orig-size=\"700,578\" data-comments-opened=\"1\" data-image-meta=\"{&quot;aperture&quot;:&quot;2&quot;,&quot;credit&quot;:&quot;&quot;,&quot;camera&quot;:&quot;X10&quot;,&quot;caption&quot;:&quot;&quot;,&quot;created_timestamp&quot;:&quot;1443351552&quot;,&quot;copyright&quot;:&quot;&quot;,&quot;focal_length&quot;:&quot;7.1&quot;,&quot;iso&quot;:&quot;100&quot;,&quot;shutter_speed&quot;:&quot;0.00625&quot;,&quot;title&quot;:&quot;&quot;,&quot;orientation&quot;:&quot;0&quot;}\" data-image-title=\"Packing-8\" data-image-description=\"\" data-medium-file=\"http:\/\/eastwego.com\/wp-content\/uploads\/2015\/09\/Packing-8-300x248.jpg\" data-large-file=\"http:\/\/eastwego.com\/wp-content\/uploads\/2015\/09\/Packing-8.jpg\" loading=\"lazy\" class=\"wp-image-6142 size-full\" src=\"http:\/\/eastwego.com\/wp-content\/uploads\/2015\/09\/Packing-8.jpg\" alt=\"Packing-8\" width=\"700\" height=\"578\" srcset=\"http:\/\/eastwego.com\/wp-content\/uploads\/2015\/09\/Packing-8.jpg 700w, http:\/\/eastwego.com\/wp-content\/uploads\/2015\/09\/Packing-8-300x248.jpg 300w\" sizes=\"(max-width: 700px) 100vw, 700px\" \/><p id=\"caption-attachment-6142\" class=\"wp-caption-text\">A bagagem do Renato<\/p><\/div>\n<p><strong><br \/>\n<\/strong><br \/>\n<strong>DOCUMENTOS<\/strong><\/p>\n<ul>\n<li>Carta de condu\u00e7\u00e3o internacional do Renato<\/li>\n<li>Fotos para documentos<\/li>\n<li>Passaportes<\/li>\n<li>(livros de vacinas : e-mail)<\/li>\n<li>(documentos de seguro : e-mail)<\/li>\n<\/ul>\n<p>&nbsp;<\/p>\n<div class=\"PD IF\">\n<div id=\":7a.co\" class=\"JL\">\n<div id=\":7g.ma\" class=\"Mu SP\">\n<div id=\":7g.co\" class=\"tL8wMe xAWnQc\" dir=\"ltr\"><strong>MATERIAL ELECTR\u00d3NICO<\/strong><\/div>\n<\/div>\n<\/div>\n<\/div>\n<ul>\n<li>computador da Magda Samsung Ultrabook Series 5 13 &#8216; 5 + carregador + capa<\/li>\n<li>computador de Renato HP Pavilion 11 &#8216; + carregador + cpa<\/li>\n<li>pen drive 128 GB<\/li>\n<li>telemovel Nokia + carregador<\/li>\n<li>Smartphone Lenovo A5000+ carregador<\/li>\n<li>c\u00e2mera FujiFilm x10 + carregador<\/li>\n<li>cart\u00e3o de mem\u00f3ria SD para a c\u00e2mera FujiFilm<\/li>\n<li>2 baterias para c\u00e2mera FujiFilm<\/li>\n<li>c\u00e2mera anal\u00f3gica Nikon FM2<\/li>\n<li>4 filmes para Nikon ( 3 cor, 1 preto e branco )<\/li>\n<li>ebook Kindle Paperwhite + cabo de carregar<\/li>\n<li>pequenos fones de ouvido com um microfone<\/li>\n<li>GoPro hero black edition + carregador + selfie stick<\/li>\n<\/ul>\n<p><img data-attachment-id=\"6143\" data-permalink=\"http:\/\/eastwego.com\/pt\/packing-list\/packing-10\/\" data-orig-file=\"http:\/\/eastwego.com\/wp-content\/uploads\/2015\/09\/Packing-10.jpg\" data-orig-size=\"700,697\" data-comments-opened=\"1\" data-image-meta=\"{&quot;aperture&quot;:&quot;2.2&quot;,&quot;credit&quot;:&quot;&quot;,&quot;camera&quot;:&quot;A5000&quot;,&quot;caption&quot;:&quot;&quot;,&quot;created_timestamp&quot;:&quot;1443361492&quot;,&quot;copyright&quot;:&quot;&quot;,&quot;focal_length&quot;:&quot;3.5&quot;,&quot;iso&quot;:&quot;163&quot;,&quot;shutter_speed&quot;:&quot;0.01&quot;,&quot;title&quot;:&quot;&quot;,&quot;orientation&quot;:&quot;0&quot;}\" data-image-title=\"Packing-10\" data-image-description=\"\" data-medium-file=\"http:\/\/eastwego.com\/wp-content\/uploads\/2015\/09\/Packing-10-300x300.jpg\" data-large-file=\"http:\/\/eastwego.com\/wp-content\/uploads\/2015\/09\/Packing-10.jpg\" loading=\"lazy\" class=\"alignnone size-full wp-image-6143\" src=\"http:\/\/eastwego.com\/wp-content\/uploads\/2015\/09\/Packing-10.jpg\" alt=\"Packing-10\" width=\"700\" height=\"697\" srcset=\"http:\/\/eastwego.com\/wp-content\/uploads\/2015\/09\/Packing-10.jpg 700w, http:\/\/eastwego.com\/wp-content\/uploads\/2015\/09\/Packing-10-150x150.jpg 150w, http:\/\/eastwego.com\/wp-content\/uploads\/2015\/09\/Packing-10-300x300.jpg 300w, http:\/\/eastwego.com\/wp-content\/uploads\/2015\/09\/Packing-10-70x70.jpg 70w\" sizes=\"(max-width: 700px) 100vw, 700px\" \/><\/p>\n<p>&nbsp;<\/p>\n<p><strong>Cosm\u00e9ticos Magda Renato<\/strong><\/p>\n<ul>\n<li>gel de banho<\/li>\n<li>champoo<\/li>\n<li>pasta e escovas de dentes<\/li>\n<li>2 desodorizantes<\/li>\n<li>protector solar<\/li>\n<li>medicamentos: Ibuprom , paracetamol, Imodium , Malarone , Fenistil<\/li>\n<\/ul>\n<p><img data-attachment-id=\"6140\" data-permalink=\"http:\/\/eastwego.com\/pt\/packing-list\/packing-6\/\" data-orig-file=\"http:\/\/eastwego.com\/wp-content\/uploads\/2015\/09\/Packing-6.jpg\" data-orig-size=\"700,558\" data-comments-opened=\"1\" data-image-meta=\"{&quot;aperture&quot;:&quot;2.2&quot;,&quot;credit&quot;:&quot;&quot;,&quot;camera&quot;:&quot;X10&quot;,&quot;caption&quot;:&quot;&quot;,&quot;created_timestamp&quot;:&quot;1443350413&quot;,&quot;copyright&quot;:&quot;&quot;,&quot;focal_length&quot;:&quot;8.9&quot;,&quot;iso&quot;:&quot;200&quot;,&quot;shutter_speed&quot;:&quot;0.00166666666667&quot;,&quot;title&quot;:&quot;&quot;,&quot;orientation&quot;:&quot;0&quot;}\" data-image-title=\"Packing-6\" data-image-description=\"\" data-medium-file=\"http:\/\/eastwego.com\/wp-content\/uploads\/2015\/09\/Packing-6-300x239.jpg\" data-large-file=\"http:\/\/eastwego.com\/wp-content\/uploads\/2015\/09\/Packing-6.jpg\" loading=\"lazy\" class=\"alignnone size-full wp-image-6140\" src=\"http:\/\/eastwego.com\/wp-content\/uploads\/2015\/09\/Packing-6.jpg\" alt=\"Packing-6\" width=\"700\" height=\"558\" srcset=\"http:\/\/eastwego.com\/wp-content\/uploads\/2015\/09\/Packing-6.jpg 700w, http:\/\/eastwego.com\/wp-content\/uploads\/2015\/09\/Packing-6-300x239.jpg 300w\" sizes=\"(max-width: 700px) 100vw, 700px\" \/><\/p>\n<p>&nbsp;<\/p>\n<p><strong>ROUPA &#8211; Magda<\/strong><\/p>\n<ul>\n<li>chinelos<\/li>\n<li>sand\u00e1lias<\/li>\n<li>sapatilhas de trekking<\/li>\n<li>capa de chuva<\/li>\n<li>casaco<\/li>\n<li>3 tops<\/li>\n<li>2 T-shirts<\/li>\n<li>uma camisa de ganda<\/li>\n<li>uma camisola de mangas compridas<\/li>\n<li>cal\u00e7\u00f5es<\/li>\n<li>2 pares de cal\u00e7as (um com p\u00e9s desmont\u00e1veis \u200b\u200b)<\/li>\n<li>2 saias<\/li>\n<li>vestido<\/li>\n<li>5 pares de cuecas<\/li>\n<li>3 pares de meias<\/li>\n<li>len\u00e7o fino<\/li>\n<li>2 suti\u00e3s<\/li>\n<li>bikini<\/li>\n<li>pijama<\/li>\n<\/ul>\n<p>&nbsp;<\/p>\n<p><strong>Artigos de higiene pessoal e outros &#8211; Magda<\/strong><\/p>\n<ul>\n<li>pequeno hidratante de rosto<\/li>\n<li>escova de cabelo<\/li>\n<li>elasticos do cabelo<\/li>\n<li>condicionador de cabelo<\/li>\n<li>r\u00edmel, p\u00f3, um l\u00e1pis de olho &#8211; sombra<\/li>\n<li>desmaquilhador + algod\u00e3o<\/li>\n<li>tamp\u00e3o de borracha + tamp\u00f5ee tradicionais<\/li>\n<li>pin\u00e7a<\/li>\n<li>\u00f3culos<\/li>\n<li>\u00f3culos de sol<\/li>\n<li>lentes\u00a0+ liquido<\/li>\n<\/ul>\n<p><img data-attachment-id=\"6138\" data-permalink=\"http:\/\/eastwego.com\/pt\/packing-list\/packing-4\/\" data-orig-file=\"http:\/\/eastwego.com\/wp-content\/uploads\/2015\/09\/Packing-4.jpg\" data-orig-size=\"700,563\" data-comments-opened=\"1\" data-image-meta=\"{&quot;aperture&quot;:&quot;2&quot;,&quot;credit&quot;:&quot;&quot;,&quot;camera&quot;:&quot;X10&quot;,&quot;caption&quot;:&quot;&quot;,&quot;created_timestamp&quot;:&quot;1443350217&quot;,&quot;copyright&quot;:&quot;&quot;,&quot;focal_length&quot;:&quot;7.1&quot;,&quot;iso&quot;:&quot;100&quot;,&quot;shutter_speed&quot;:&quot;0.00294117647059&quot;,&quot;title&quot;:&quot;&quot;,&quot;orientation&quot;:&quot;0&quot;}\" data-image-title=\"Packing-4\" data-image-description=\"\" data-medium-file=\"http:\/\/eastwego.com\/wp-content\/uploads\/2015\/09\/Packing-4-300x241.jpg\" data-large-file=\"http:\/\/eastwego.com\/wp-content\/uploads\/2015\/09\/Packing-4.jpg\" loading=\"lazy\" class=\"alignnone size-full wp-image-6138\" src=\"http:\/\/eastwego.com\/wp-content\/uploads\/2015\/09\/Packing-4.jpg\" alt=\"Packing-4\" width=\"700\" height=\"563\" srcset=\"http:\/\/eastwego.com\/wp-content\/uploads\/2015\/09\/Packing-4.jpg 700w, http:\/\/eastwego.com\/wp-content\/uploads\/2015\/09\/Packing-4-300x241.jpg 300w\" sizes=\"(max-width: 700px) 100vw, 700px\" \/><\/p>\n<p>&nbsp;<\/p>\n<p><strong>Roupas e outros &#8211; Renato<\/strong><\/p>\n<ul>\n<li>Chinelos<\/li>\n<li>Sand\u00e1lias<\/li>\n<li>Sapatos de trekking<\/li>\n<li>3 pares de meias<\/li>\n<li>4 boxers<\/li>\n<li>Cal\u00e7as compridas com pernas separ\u00e1veis para usar como cal\u00e7\u00f5es<\/li>\n<li>Cal\u00e7\u00f5es<\/li>\n<li>Cal\u00e7\u00f5es de banho<\/li>\n<li>3 camisetas normais<\/li>\n<li>T -shirt de secagem r\u00e1pida<\/li>\n<li>T -shirt de manga comprida<\/li>\n<li>Casaco de algod\u00e3o<\/li>\n<li>Casaco impermeavel<\/li>\n<li>Cinto<\/li>\n<li>\u00d3culos de sol<\/li>\n<\/ul>\n<p>&nbsp;<\/p>\n<p><b>OUTROS<\/b><\/p>\n<ul>\n<li><span style=\"font-weight: 400;\">2 toalhas de secagem r\u00e1pida<\/span><\/li>\n<li><span style=\"font-weight: 400;\">2 forros de sacos cama<\/span><\/li>\n<li><span style=\"font-weight: 400;\">Cubos de embalagem<\/span><\/li>\n<li><span style=\"font-weight: 400;\">2 cadeados<\/span><\/li>\n<li><span style=\"font-weight: 400;\">2 tampas de mochila \u00e0 prova d&#8217;\u00e1gua<\/span><\/li>\n<li><span style=\"font-weight: 400;\">Canivete<\/span><\/li>\n<li><span style=\"font-weight: 400;\">Lanterna<\/span><\/li>\n<li><span style=\"font-weight: 400;\">Caderno + caneta<\/span><\/li>\n<\/ul>\n<p><a href=\"http:\/\/eastwego.com\/pt\/our-backpacks\/\" target=\"_blank\"><img data-attachment-id=\"6516\" data-permalink=\"http:\/\/eastwego.com\/pt\/packing-list\/our-backpacks-pt-390x390\/\" data-orig-file=\"http:\/\/eastwego.com\/wp-content\/uploads\/2015\/09\/our-backpacks-PT-390x390.jpg\" data-orig-size=\"390,390\" data-comments-opened=\"1\" data-image-meta=\"{&quot;aperture&quot;:&quot;2.2&quot;,&quot;credit&quot;:&quot;&quot;,&quot;camera&quot;:&quot;X10&quot;,&quot;caption&quot;:&quot;&quot;,&quot;created_timestamp&quot;:&quot;1442400576&quot;,&quot;copyright&quot;:&quot;&quot;,&quot;focal_length&quot;:&quot;7.9&quot;,&quot;iso&quot;:&quot;400&quot;,&quot;shutter_speed&quot;:&quot;0.05&quot;,&quot;title&quot;:&quot;&quot;,&quot;orientation&quot;:&quot;0&quot;}\" data-image-title=\"our backpacks PT (390&#215;390)\" data-image-description=\"\" data-medium-file=\"http:\/\/eastwego.com\/wp-content\/uploads\/2015\/09\/our-backpacks-PT-390x390-300x300.jpg\" data-large-file=\"http:\/\/eastwego.com\/wp-content\/uploads\/2015\/09\/our-backpacks-PT-390x390.jpg\" loading=\"lazy\" class=\"alignnone wp-image-6516 size-thumbnail\" src=\"http:\/\/eastwego.com\/wp-content\/uploads\/2015\/09\/our-backpacks-PT-390x390-150x150.jpg\" alt=\"our backpacks PT (390x390)\" width=\"150\" height=\"150\" srcset=\"http:\/\/eastwego.com\/wp-content\/uploads\/2015\/09\/our-backpacks-PT-390x390-150x150.jpg 150w, http:\/\/eastwego.com\/wp-content\/uploads\/2015\/09\/our-backpacks-PT-390x390-300x300.jpg 300w, http:\/\/eastwego.com\/wp-content\/uploads\/2015\/09\/our-backpacks-PT-390x390-70x70.jpg 70w, http:\/\/eastwego.com\/wp-content\/uploads\/2015\/09\/our-backpacks-PT-390x390.jpg 390w\" sizes=\"(max-width: 150px) 100vw, 150px\" \/><\/a>","protected":false},"excerpt":{"rendered":"<p>Aqui est\u00e1 a lista de coisas que levamos connosco para a nossa viagem no Sudeste Asi\u00e1tico DOCUMENTOS Carta de condu\u00e7\u00e3o internacional do Renato Fotos para documentos Passaportes (livros de vacinas : e-mail) (documentos de seguro : e-mail) &nbsp; MATERIAL ELECTR\u00d3NICO computador da Magda Samsung Ultrabook Series 5 13 &#8216; 5 + carregador + capa computador &#8230;<\/p>\n","protected":false},"author":1,"featured_media":6137,"parent":0,"menu_order":0,"comment_status":"closed","ping_status":"closed","template":"","meta":{"spay_email":""},"jetpack_shortlink":"https:\/\/wp.me\/P5eCDx-1st","jetpack_sharing_enabled":true,"_links":{"self":[{"href":"http:\/\/eastwego.com\/pt\/wp-json\/wp\/v2\/pages\/5609"}],"collection":[{"href":"http:\/\/eastwego.com\/pt\/wp-json\/wp\/v2\/pages"}],"about":[{"href":"http:\/\/eastwego.com\/pt\/wp-json\/wp\/v2\/types\/page"}],"author":[{"embeddable":true,"href":"http:\/\/eastwego.com\/pt\/wp-json\/wp\/v2\/users\/1"}],"replies":[{"embeddable":true,"href":"http:\/\/eastwego.com\/pt\/wp-json\/wp\/v2\/comments?post=5609"}],"version-history":[{"count":2,"href":"http:\/\/eastwego.com\/pt\/wp-json\/wp\/v2\/pages\/5609\/revisions"}],"predecessor-version":[{"id":6517,"href":"http:\/\/eastwego.com\/pt\/wp-json\/wp\/v2\/pages\/5609\/revisions\/6517"}],"wp:featuredmedia":[{"embeddable":true,"href":"http:\/\/eastwego.com\/pt\/wp-json\/wp\/v2\/media\/6137"}],"wp:attachment":[{"href":"http:\/\/eastwego.com\/pt\/wp-json\/wp\/v2\/media?parent=5609"}],"curies":[{"name":"wp","href":"https:\/\/api.w.org\/{rel}","templated":true}]}}