{"id":5621,"date":"2015-09-11T13:48:42","date_gmt":"2015-09-11T13:48:42","guid":{"rendered":"http:\/\/eastwego.com\/?page_id=5621"},"modified":"2015-11-19T06:46:10","modified_gmt":"2015-11-19T06:46:10","slug":"analog-photography","status":"publish","type":"page","link":"http:\/\/eastwego.com\/pt\/analog-photography\/","title":{"rendered":"Fotografia anal\u00f3gica"},"content":{"rendered":"<strong>Porque carregar um kg extra e n\u00e3o ver as minhas fotos por um par de meses?<\/strong><\/p>\n<p><img data-attachment-id=\"5623\" data-permalink=\"http:\/\/eastwego.com\/pt\/analog-photography\/nikon-fm2-1\/\" data-orig-file=\"http:\/\/eastwego.com\/wp-content\/uploads\/2015\/09\/nikon-fm2-1.jpg\" data-orig-size=\"700,394\" data-comments-opened=\"1\" data-image-meta=\"{&quot;aperture&quot;:&quot;2.5&quot;,&quot;credit&quot;:&quot;&quot;,&quot;camera&quot;:&quot;X10&quot;,&quot;caption&quot;:&quot;&quot;,&quot;created_timestamp&quot;:&quot;1441982478&quot;,&quot;copyright&quot;:&quot;&quot;,&quot;focal_length&quot;:&quot;17.3&quot;,&quot;iso&quot;:&quot;800&quot;,&quot;shutter_speed&quot;:&quot;0.00588235294118&quot;,&quot;title&quot;:&quot;&quot;,&quot;orientation&quot;:&quot;0&quot;}\" data-image-title=\"nikon fm2-1\" data-image-description=\"\" data-medium-file=\"http:\/\/eastwego.com\/wp-content\/uploads\/2015\/09\/nikon-fm2-1-300x169.jpg\" data-large-file=\"http:\/\/eastwego.com\/wp-content\/uploads\/2015\/09\/nikon-fm2-1.jpg\" loading=\"lazy\" class=\"alignnone size-full wp-image-5623\" src=\"http:\/\/eastwego.com\/wp-content\/uploads\/2015\/09\/nikon-fm2-1.jpg\" alt=\"nikon fm2-1\" width=\"700\" height=\"394\" srcset=\"http:\/\/eastwego.com\/wp-content\/uploads\/2015\/09\/nikon-fm2-1.jpg 700w, http:\/\/eastwego.com\/wp-content\/uploads\/2015\/09\/nikon-fm2-1-300x169.jpg 300w\" sizes=\"(max-width: 700px) 100vw, 700px\" \/><\/p>\n<p style=\"text-align: justify;\">Levo ou n\u00e3o? Ponho mais um quilo em cima de uma mochila j\u00e1 pesada? Valer\u00e1 mesmo a pena? Estas quest\u00f5es assombraram-me enquanto me preparava para esta viagem. Para fotografia anal\u00f3gica eu uso uma Nikon FM2. \u00c8 um tijolo grande e pesado e com um feitio dificil para mete-la na mochla. Mas aquele sentimento ao agarrar uma, quando se pondera se uma foto vale ou n\u00e3o o disparo e acima de tudo a alegria( e por vezes a tristeza) que se tem ao revelar as fotografias \u00e9 absolutamente insubstitu\u00edvel. Ha muitas raz\u00f5es pelas quais considero a fotografia anal\u00f3gica mais fascinante que a digital. Mas isto n\u00e3o significa que eu n\u00e3o respeite a fotografia digital Quando viajamos levamos sempre duas camaras pois precisamos de fotos na hora por causa do blog. Ent\u00e3o o Renato tira imensas fotos com a Fujifilm digital e eu procuro enquanramentos especificos com a Nikon.<\/p>\n<p style=\"text-align: justify;\">O que mais aprecio numa camara anal\u00f3gica? Poderia enumerar variadas raz\u00f5es mas sei que quem nunca experimentou fazer fotografia digital n\u00e3o iria entender. Aquele sentimento quando se encontrou um bom enquadramento, a luz est\u00e1 perfeita e e timing tamb\u00e9m. E sabendo que se tem um, talvez dois disparos para fazer uma foto interessante. Talvez possa soar estranho mas quando tenho a minha camara na m\u00e3o, olho para o mundo de uma forma diferente. Tomo mais aten\u00e7\u00e3o aos detalhes, cores e caras. Procuro por uma boa luz, um gesto interessante ou um olhar. Penso no que estou a ver e fa\u00e7o a foto s\u00f3 quando tenho a certeza que ser\u00e1 uma boa foto.<\/p>\n<p style=\"text-align: justify;\">Eu uso 1-2 rolos por m\u00eas normalmente por isso tiro cerca de 50 fotos num m\u00eas. Fotos digitais? Temos milhares e milhares delas pois estamos sempre a tirar fotos pois sabemos que uma ou 10 n\u00e3o faz diferen\u00e7a e que podemos apagar as que quisermos.<br \/>\nPara al\u00e9m disso haver\u00e1 alguma coisa melhor que uma foto fisica, um peda\u00e7o de papel que se pode guardar num arm\u00e1rio e recorrer para recordar a qualquer momento? Porque admitam. Voc\u00eas realmente imprimem as vossas fotos digitais?<\/p>\n<p style=\"text-align: justify;\">Curiosos acerca das minhas fotos? Eu tamb\u00e9m. V\u00e3o ter que esperar at\u00e9 eu voltar \u00e1 Pol\u00f3nia e ter a surpresa de as ver pela primeira vez.<\/p>\n<p>Magda<\/p>\n<div id=\"attachment_5274\" style=\"width: 810px\" class=\"wp-caption alignnone\"><img aria-describedby=\"caption-attachment-5274\" data-attachment-id=\"5274\" data-permalink=\"http:\/\/eastwego.com\/pt\/bamboo-train-ride-battambang-cambodia\/bamboo-train-7\/\" data-orig-file=\"http:\/\/eastwego.com\/wp-content\/uploads\/2015\/08\/bamboo-train-7.jpg\" data-orig-size=\"800,450\" data-comments-opened=\"1\" data-image-meta=\"{&quot;aperture&quot;:&quot;2.8&quot;,&quot;credit&quot;:&quot;&quot;,&quot;camera&quot;:&quot;X10&quot;,&quot;caption&quot;:&quot;&quot;,&quot;created_timestamp&quot;:&quot;1439721913&quot;,&quot;copyright&quot;:&quot;&quot;,&quot;focal_length&quot;:&quot;16&quot;,&quot;iso&quot;:&quot;100&quot;,&quot;shutter_speed&quot;:&quot;0.004&quot;,&quot;title&quot;:&quot;&quot;,&quot;orientation&quot;:&quot;0&quot;}\" data-image-title=\"bamboo train-7\" data-image-description=\"\" data-medium-file=\"http:\/\/eastwego.com\/wp-content\/uploads\/2015\/08\/bamboo-train-7-300x169.jpg\" data-large-file=\"http:\/\/eastwego.com\/wp-content\/uploads\/2015\/08\/bamboo-train-7.jpg\" loading=\"lazy\" class=\"size-full wp-image-5274\" src=\"http:\/\/eastwego.com\/wp-content\/uploads\/2015\/08\/bamboo-train-7.jpg\" alt=\"Battambang\" width=\"800\" height=\"450\" srcset=\"http:\/\/eastwego.com\/wp-content\/uploads\/2015\/08\/bamboo-train-7.jpg 800w, http:\/\/eastwego.com\/wp-content\/uploads\/2015\/08\/bamboo-train-7-300x169.jpg 300w\" sizes=\"(max-width: 800px) 100vw, 800px\" \/><p id=\"caption-attachment-5274\" class=\"wp-caption-text\">Battambang<\/p><\/div>\n<div id=\"attachment_2626\" style=\"width: 810px\" class=\"wp-caption alignnone\"><img aria-describedby=\"caption-attachment-2626\" data-attachment-id=\"2626\" data-permalink=\"http:\/\/eastwego.com\/pt\/united-arab-emirates-pictures\/al-ain-12-2\/\" data-orig-file=\"http:\/\/eastwego.com\/wp-content\/uploads\/2015\/02\/Al-ain-12.jpg\" data-orig-size=\"800,533\" data-comments-opened=\"1\" data-image-meta=\"{&quot;aperture&quot;:&quot;11&quot;,&quot;credit&quot;:&quot;&quot;,&quot;camera&quot;:&quot;Canon EOS 40D&quot;,&quot;caption&quot;:&quot;&quot;,&quot;created_timestamp&quot;:&quot;1405091991&quot;,&quot;copyright&quot;:&quot;&quot;,&quot;focal_length&quot;:&quot;28&quot;,&quot;iso&quot;:&quot;400&quot;,&quot;shutter_speed&quot;:&quot;0.003125&quot;,&quot;title&quot;:&quot;&quot;,&quot;orientation&quot;:&quot;0&quot;}\" data-image-title=\"Al ain-12\" data-image-description=\"\" data-medium-file=\"http:\/\/eastwego.com\/wp-content\/uploads\/2015\/02\/Al-ain-12-300x200.jpg\" data-large-file=\"http:\/\/eastwego.com\/wp-content\/uploads\/2015\/02\/Al-ain-12.jpg\" loading=\"lazy\" class=\"size-full wp-image-2626\" src=\"http:\/\/eastwego.com\/wp-content\/uploads\/2015\/02\/Al-ain-12.jpg\" alt=\"Jebel Hafeet - Al Ain\" width=\"800\" height=\"533\" srcset=\"http:\/\/eastwego.com\/wp-content\/uploads\/2015\/02\/Al-ain-12.jpg 800w, http:\/\/eastwego.com\/wp-content\/uploads\/2015\/02\/Al-ain-12-300x200.jpg 300w\" sizes=\"(max-width: 800px) 100vw, 800px\" \/><p id=\"caption-attachment-2626\" class=\"wp-caption-text\">Jebel Hafeet &#8211; Al Ain<\/p><\/div>","protected":false},"excerpt":{"rendered":"<p>Porque carregar um kg extra e n\u00e3o ver as minhas fotos por um par de meses? Levo ou n\u00e3o? Ponho mais um quilo em cima de uma mochila j\u00e1 pesada? Valer\u00e1 mesmo a pena? Estas quest\u00f5es assombraram-me enquanto me preparava para esta viagem. Para fotografia anal\u00f3gica eu uso uma Nikon FM2. \u00c8 um tijolo grande &#8230;<\/p>\n","protected":false},"author":1,"featured_media":5623,"parent":0,"menu_order":0,"comment_status":"closed","ping_status":"closed","template":"","meta":{"spay_email":""},"jetpack_shortlink":"https:\/\/wp.me\/P5eCDx-1sF","jetpack_sharing_enabled":true,"_links":{"self":[{"href":"http:\/\/eastwego.com\/pt\/wp-json\/wp\/v2\/pages\/5621"}],"collection":[{"href":"http:\/\/eastwego.com\/pt\/wp-json\/wp\/v2\/pages"}],"about":[{"href":"http:\/\/eastwego.com\/pt\/wp-json\/wp\/v2\/types\/page"}],"author":[{"embeddable":true,"href":"http:\/\/eastwego.com\/pt\/wp-json\/wp\/v2\/users\/1"}],"replies":[{"embeddable":true,"href":"http:\/\/eastwego.com\/pt\/wp-json\/wp\/v2\/comments?post=5621"}],"version-history":[{"count":2,"href":"http:\/\/eastwego.com\/pt\/wp-json\/wp\/v2\/pages\/5621\/revisions"}],"predecessor-version":[{"id":7105,"href":"http:\/\/eastwego.com\/pt\/wp-json\/wp\/v2\/pages\/5621\/revisions\/7105"}],"wp:featuredmedia":[{"embeddable":true,"href":"http:\/\/eastwego.com\/pt\/wp-json\/wp\/v2\/media\/5623"}],"wp:attachment":[{"href":"http:\/\/eastwego.com\/pt\/wp-json\/wp\/v2\/media?parent=5621"}],"curies":[{"name":"wp","href":"https:\/\/api.w.org\/{rel}","templated":true}]}}