{"id":7726,"date":"2016-02-16T12:37:30","date_gmt":"2016-02-16T12:37:30","guid":{"rendered":"http:\/\/eastwego.com\/?page_id=7726"},"modified":"2016-02-18T16:31:14","modified_gmt":"2016-02-18T16:31:14","slug":"us-in-the-web","status":"publish","type":"page","link":"http:\/\/eastwego.com\/pt\/us-in-the-web\/","title":{"rendered":"N\u00f3s na web"},"content":{"rendered":"<img data-attachment-id=\"7728\" data-permalink=\"http:\/\/eastwego.com\/pt\/us-in-the-web\/logo-voltaaomundo\/\" data-orig-file=\"http:\/\/eastwego.com\/wp-content\/uploads\/2016\/02\/logo-voltaaomundo.png\" data-orig-size=\"138,44\" data-comments-opened=\"1\" data-image-meta=\"{&quot;aperture&quot;:&quot;0&quot;,&quot;credit&quot;:&quot;&quot;,&quot;camera&quot;:&quot;&quot;,&quot;caption&quot;:&quot;&quot;,&quot;created_timestamp&quot;:&quot;0&quot;,&quot;copyright&quot;:&quot;&quot;,&quot;focal_length&quot;:&quot;0&quot;,&quot;iso&quot;:&quot;0&quot;,&quot;shutter_speed&quot;:&quot;0&quot;,&quot;title&quot;:&quot;&quot;,&quot;orientation&quot;:&quot;0&quot;}\" data-image-title=\"logo-voltaaomundo\" data-image-description=\"\" data-medium-file=\"http:\/\/eastwego.com\/wp-content\/uploads\/2016\/02\/logo-voltaaomundo.png\" data-large-file=\"http:\/\/eastwego.com\/wp-content\/uploads\/2016\/02\/logo-voltaaomundo.png\" loading=\"lazy\" class=\"alignleft wp-image-7728\" src=\"http:\/\/eastwego.com\/wp-content\/uploads\/2016\/02\/logo-voltaaomundo.png\" alt=\"logo-voltaaomundo\" width=\"176\" height=\"56\" \/><\/p>\n<p>&nbsp;<\/p>\n<p>&nbsp;<\/p>\n<p><a href=\"http:\/\/www.voltaaomundo.pt\/2016\/01\/23\/7297\/\" target=\"_blank\">http:\/\/www.voltaaomundo.pt\/2016\/01\/23\/7297\/\u00a0<\/a>&#8211; \u00a0A nossa primeira entravista para uma revista de viagens portuguesa.<\/p>\n<div class=\"clear\"><\/div><div class=\"divider\"><\/div>\n<p><a href=\"http:\/\/hashtagbackpack.com\/\" target=\"_blank\"><img data-attachment-id=\"7727\" data-permalink=\"http:\/\/eastwego.com\/pt\/us-in-the-web\/hashtagbackpack-logo\/\" data-orig-file=\"http:\/\/eastwego.com\/wp-content\/uploads\/2016\/02\/hashtagbackpack-logo.jpg\" data-orig-size=\"501,230\" data-comments-opened=\"1\" data-image-meta=\"{&quot;aperture&quot;:&quot;0&quot;,&quot;credit&quot;:&quot;&quot;,&quot;camera&quot;:&quot;&quot;,&quot;caption&quot;:&quot;&quot;,&quot;created_timestamp&quot;:&quot;0&quot;,&quot;copyright&quot;:&quot;&quot;,&quot;focal_length&quot;:&quot;0&quot;,&quot;iso&quot;:&quot;0&quot;,&quot;shutter_speed&quot;:&quot;0&quot;,&quot;title&quot;:&quot;&quot;,&quot;orientation&quot;:&quot;0&quot;}\" data-image-title=\"hashtagbackpack-logo\" data-image-description=\"\" data-medium-file=\"http:\/\/eastwego.com\/wp-content\/uploads\/2016\/02\/hashtagbackpack-logo-300x138.jpg\" data-large-file=\"http:\/\/eastwego.com\/wp-content\/uploads\/2016\/02\/hashtagbackpack-logo.jpg\" loading=\"lazy\" class=\"alignnone wp-image-7727\" src=\"http:\/\/eastwego.com\/wp-content\/uploads\/2016\/02\/hashtagbackpack-logo.jpg\" alt=\"hashtagbackpack-logo\" width=\"261\" height=\"120\" srcset=\"http:\/\/eastwego.com\/wp-content\/uploads\/2016\/02\/hashtagbackpack-logo.jpg 501w, http:\/\/eastwego.com\/wp-content\/uploads\/2016\/02\/hashtagbackpack-logo-300x138.jpg 300w\" sizes=\"(max-width: 261px) 100vw, 261px\" \/><\/a><\/p>\n<p><a href=\"http:\/\/hashtagbackpack.com\/eastwego\/\" target=\"_blank\">http:\/\/hashtagbackpack.com\/eastwego\/<\/a> &#8211; Um texto curto sobre n\u00f3s no Blog do Moritz, que em 2014 voou para o Jap\u00e3o para come\u00e7ar a sua viagem de sonho pelo sudeste asi\u00e1tico e Austr\u00e1lia.<\/p>\n<div class=\"clear\"><\/div><div class=\"divider\"><\/div>\n<p><img data-attachment-id=\"7919\" data-permalink=\"http:\/\/eastwego.com\/pt\/us-in-the-web\/logo_the_ollie_150\/\" data-orig-file=\"http:\/\/eastwego.com\/wp-content\/uploads\/2016\/02\/logo_the_ollie_150.png\" data-orig-size=\"600,150\" data-comments-opened=\"1\" data-image-meta=\"{&quot;aperture&quot;:&quot;0&quot;,&quot;credit&quot;:&quot;&quot;,&quot;camera&quot;:&quot;&quot;,&quot;caption&quot;:&quot;&quot;,&quot;created_timestamp&quot;:&quot;0&quot;,&quot;copyright&quot;:&quot;&quot;,&quot;focal_length&quot;:&quot;0&quot;,&quot;iso&quot;:&quot;0&quot;,&quot;shutter_speed&quot;:&quot;0&quot;,&quot;title&quot;:&quot;&quot;,&quot;orientation&quot;:&quot;0&quot;}\" data-image-title=\"logo_the_ollie_150\" data-image-description=\"\" data-medium-file=\"http:\/\/eastwego.com\/wp-content\/uploads\/2016\/02\/logo_the_ollie_150-300x75.png\" data-large-file=\"http:\/\/eastwego.com\/wp-content\/uploads\/2016\/02\/logo_the_ollie_150.png\" loading=\"lazy\" class=\"wp-image-7919 alignleft\" src=\"http:\/\/eastwego.com\/wp-content\/uploads\/2016\/02\/logo_the_ollie_150.png\" alt=\"logo_the_ollie_150\" width=\"324\" height=\"81\" srcset=\"http:\/\/eastwego.com\/wp-content\/uploads\/2016\/02\/logo_the_ollie_150.png 600w, http:\/\/eastwego.com\/wp-content\/uploads\/2016\/02\/logo_the_ollie_150-300x75.png 300w\" sizes=\"(max-width: 324px) 100vw, 324px\" \/><\/p>\n<p>&nbsp;<\/p>\n<p>&nbsp;<\/p>\n<p>&nbsp;<\/p>\n<p><a href=\"http:\/\/the-ollie.com\/2016\/01\/19\/najlepsze-zdjecia-podroznicze-2015-roku\/\" target=\"_blank\">http:\/\/the-ollie.com\/2016\/01\/19\/najlepsze-zdjecia-podroznicze-2015-roku\/<\/a> -Uma foto tirada no Mianmar \u00a0foi seleccionada como uma das melhores fotos de viagem de 2015 para o Blog\u00a0<a href=\"http:\/\/www.the-ollie.com\" target=\"_blank\">www.the-ollie.com<\/a><\/p>\n<div class=\"clear\"><\/div><div class=\"divider\"><\/div>\n<p>&nbsp;<\/p>\n<p><a href=\"http:\/\/www.rodandopelomundo.com\/\" target=\"_blank\"><img data-attachment-id=\"7734\" data-permalink=\"http:\/\/eastwego.com\/pt\/us-in-the-web\/rpm_quad_transp\/\" data-orig-file=\"http:\/\/eastwego.com\/wp-content\/uploads\/2016\/02\/RPM_quad_transp.png\" data-orig-size=\"160,160\" data-comments-opened=\"1\" data-image-meta=\"{&quot;aperture&quot;:&quot;0&quot;,&quot;credit&quot;:&quot;&quot;,&quot;camera&quot;:&quot;&quot;,&quot;caption&quot;:&quot;&quot;,&quot;created_timestamp&quot;:&quot;0&quot;,&quot;copyright&quot;:&quot;&quot;,&quot;focal_length&quot;:&quot;0&quot;,&quot;iso&quot;:&quot;0&quot;,&quot;shutter_speed&quot;:&quot;0&quot;,&quot;title&quot;:&quot;&quot;,&quot;orientation&quot;:&quot;0&quot;}\" data-image-title=\"RPM_quad_transp\" data-image-description=\"\" data-medium-file=\"http:\/\/eastwego.com\/wp-content\/uploads\/2016\/02\/RPM_quad_transp.png\" data-large-file=\"http:\/\/eastwego.com\/wp-content\/uploads\/2016\/02\/RPM_quad_transp.png\" loading=\"lazy\" class=\"alignnone wp-image-7734 size-full\" src=\"http:\/\/eastwego.com\/wp-content\/uploads\/2016\/02\/RPM_quad_transp.png\" alt=\"RPM_quad_transp\" width=\"160\" height=\"160\" srcset=\"http:\/\/eastwego.com\/wp-content\/uploads\/2016\/02\/RPM_quad_transp.png 160w, http:\/\/eastwego.com\/wp-content\/uploads\/2016\/02\/RPM_quad_transp-150x150.png 150w, http:\/\/eastwego.com\/wp-content\/uploads\/2016\/02\/RPM_quad_transp-70x70.png 70w\" sizes=\"(max-width: 160px) 100vw, 160px\" \/><\/a><\/p>\n<p><a href=\"http:\/\/www.rodandopelomundo.com\/2015\/08\/05\/em-uma-viagem-o-caro-pode-sair-barato\/\" target=\"_blank\">www.rodandopelomundo.com\/2015\/08\/05\/em-uma-viagem-o-caro-pode-sair-barato\/\u00a0<\/a>\u00a0&#8211; \u00a0O nosso artigo sobre como por vezes o barato pode sair caro numa viagem\u00a0foi escrito exclusivamente para o site brasileiro de viagens Rodando pelo Mundo.<\/p>\n<p><a href=\"http:\/\/rodandopelomundo.com\/2015\/09\/29\/rodando-pelo-vietna-sete-cidades-e-belas-surpresas-east-we-go\/\" target=\"_blank\">www.rodandopelomundo.com\/2015\/09\/29\/rodando-pelo-vietna-sete-cidades-e-belas-surpresas-east-we-go\/<\/a>\u00a0&#8211; Artigo exclusivo para o site brasileiro de viagens Rodando Pelo Mundo sobre 7 cidades a n\u00e3o perder no Vietname.<\/p>\n<div class=\"clear\"><\/div><div class=\"divider\"><\/div>\n<p>&nbsp;<\/p>\n<p>&nbsp;","protected":false},"excerpt":{"rendered":"<p>&nbsp; &nbsp; http:\/\/www.voltaaomundo.pt\/2016\/01\/23\/7297\/\u00a0&#8211; \u00a0A nossa primeira entravista para uma revista de viagens portuguesa. http:\/\/hashtagbackpack.com\/eastwego\/ &#8211; Um texto curto sobre n\u00f3s no Blog do Moritz, que em 2014 voou para o Jap\u00e3o para come\u00e7ar a sua viagem de sonho pelo sudeste asi\u00e1tico e Austr\u00e1lia. &nbsp; &nbsp; &nbsp; http:\/\/the-ollie.com\/2016\/01\/19\/najlepsze-zdjecia-podroznicze-2015-roku\/ -Uma foto tirada no Mianmar \u00a0foi seleccionada como &#8230;<\/p>\n","protected":false},"author":1,"featured_media":0,"parent":0,"menu_order":0,"comment_status":"closed","ping_status":"closed","template":"","meta":{"spay_email":""},"jetpack_shortlink":"https:\/\/wp.me\/P5eCDx-20C","jetpack_sharing_enabled":true,"_links":{"self":[{"href":"http:\/\/eastwego.com\/pt\/wp-json\/wp\/v2\/pages\/7726"}],"collection":[{"href":"http:\/\/eastwego.com\/pt\/wp-json\/wp\/v2\/pages"}],"about":[{"href":"http:\/\/eastwego.com\/pt\/wp-json\/wp\/v2\/types\/page"}],"author":[{"embeddable":true,"href":"http:\/\/eastwego.com\/pt\/wp-json\/wp\/v2\/users\/1"}],"replies":[{"embeddable":true,"href":"http:\/\/eastwego.com\/pt\/wp-json\/wp\/v2\/comments?post=7726"}],"version-history":[{"count":1,"href":"http:\/\/eastwego.com\/pt\/wp-json\/wp\/v2\/pages\/7726\/revisions"}],"predecessor-version":[{"id":7922,"href":"http:\/\/eastwego.com\/pt\/wp-json\/wp\/v2\/pages\/7726\/revisions\/7922"}],"wp:attachment":[{"href":"http:\/\/eastwego.com\/pt\/wp-json\/wp\/v2\/media?parent=7726"}],"curies":[{"name":"wp","href":"https:\/\/api.w.org\/{rel}","templated":true}]}}