{"id":34,"date":"2014-10-21T18:17:54","date_gmt":"2014-10-21T18:17:54","guid":{"rendered":"http:\/\/eastwego.com\/?page_id=34"},"modified":"2016-02-16T12:43:40","modified_gmt":"2016-02-16T12:43:40","slug":"about-us","status":"publish","type":"page","link":"https:\/\/eastwego.com\/pl\/about-us\/","title":{"rendered":"Kim jeste\u015bmy?"},"content":{"rendered":"<img data-attachment-id=\"1542\" data-permalink=\"https:\/\/eastwego.com\/pl\/about-us\/dscf9577\/\" data-orig-file=\"https:\/\/eastwego.com\/wp-content\/uploads\/2014\/10\/DSCF9577.jpg\" data-orig-size=\"4000,2248\" data-comments-opened=\"1\" data-image-meta=\"{&quot;aperture&quot;:&quot;2.2&quot;,&quot;credit&quot;:&quot;&quot;,&quot;camera&quot;:&quot;X10&quot;,&quot;caption&quot;:&quot;&quot;,&quot;created_timestamp&quot;:&quot;1420916072&quot;,&quot;copyright&quot;:&quot;&quot;,&quot;focal_length&quot;:&quot;9.6&quot;,&quot;iso&quot;:&quot;400&quot;,&quot;shutter_speed&quot;:&quot;0.0285714285714&quot;,&quot;title&quot;:&quot;&quot;,&quot;orientation&quot;:&quot;0&quot;}\" data-image-title=\"Us\" data-image-description=\"\" data-medium-file=\"https:\/\/eastwego.com\/wp-content\/uploads\/2014\/10\/DSCF9577-300x169.jpg\" data-large-file=\"https:\/\/eastwego.com\/wp-content\/uploads\/2014\/10\/DSCF9577-1024x575.jpg\" loading=\"lazy\" class=\"alignnone wp-image-1542 size-large\" src=\"http:\/\/eastwego.com\/wp-content\/uploads\/2014\/10\/DSCF9577-1024x575.jpg\" alt=\"Us\" width=\"620\" height=\"348\" srcset=\"https:\/\/eastwego.com\/wp-content\/uploads\/2014\/10\/DSCF9577-1024x575.jpg 1024w, https:\/\/eastwego.com\/wp-content\/uploads\/2014\/10\/DSCF9577-300x169.jpg 300w\" sizes=\"(max-width: 620px) 100vw, 620px\" \/><\/p>\n<p style=\"text-align: justify;\"><span style=\"font-weight: 400;\"><strong>Renato<\/strong> urodzi\u0142 si\u0119 w Porto ponad trzy dekady temu, a dzie\u0144 p\u00f3\u017aniej przeni\u00f3s\u0142 si\u0119 do Sanguedo, niewielkiego miasta oko\u0142o 30 km od Porto. W wieku lat 18 wr\u00f3ci\u0142 do miasta, kt\u00f3re jako pierwsze go ujrza\u0142o, aby studiowa\u0107 Zarz\u0105dzanie Zasobami Ludzkimi i zosta\u0107 prawdziwym m\u0119\u017cczyzn\u0105. Podr\u00f3\u017ce do Europy, Azji, p\u00f3\u0142nocnej Ameryki i p\u00f3\u0142nocnej Afryki u\u015bwiadomi\u0142y mu, \u017ce \u017cycie to co\u015b wi\u0119cej ni\u017c paro tygodniowe podr\u00f3\u017ce raz w roku i sprawi\u0142y, \u017ce zacz\u0105\u0142 planowa\u0107 podr\u00f3\u017c dooko\u0142a \u015bwiata. Renato jest upartym marzycielem. Nie jest \u0142atwo zmieni\u0107 jego plan\u00f3w czy decyzji, ale to dzi\u0119ki temu byli\u015bmy w stanie rozpocz\u0105\u0107 nasz\u0105 podr\u00f3\u017c \u017cycia.<\/span><\/p>\n<p>Wpisy Renato:\u00a0<a href=\"http:\/\/eastwego.com\/category\/renatos-posts\/\" target=\"_blank\">http:\/\/eastwego.com\/pl\/category\/renatos-posts\/<\/a><\/p>\n<p style=\"text-align: justify;\"><span style=\"font-weight: 400;\"><strong>Magda<\/strong> urodzi\u0142a si\u0119 w Krakowie 26 lat temu. Bakcyla podr\u00f3\u017cowania z\u0142apa\u0142a podczas licznych podr\u00f3\u017cy z rodzin\u0105, gdy by\u0142a ma\u0142a. Polska lat 90 nie by\u0142a naj\u0142atwiejszym miejscem do podr\u00f3\u017cy, ale zwyczajne wakacje pod namiotem nad jeziorem z grup\u0105 znajomych i bliskich zupe\u0142nie wystarczy\u0142y. Krak\u00f3w opu\u015bci\u0142a by zdoby\u0107 magistra lingwistyki na Uniwersytecie Warszawskim i od tego czasu nigdy do Krakowa na d\u0142u\u017cej nie wr\u00f3ci\u0142a (cho\u0107 nadal go uwielbia!). Znajomi Magdy m\u00f3wi\u0105, \u017ce jest najbardziej racjonaln\u0105 i praktyczn\u0105 osob\u0105 na \u015bwiecie, co czasami nie wsp\u00f3\u0142gra z marzycielsko-optymistyczn\u0105 natur\u0105 Renato. Interesuje si\u0119 fotografi\u0105, szczeg\u00f3lnie <a href=\"http:\/\/eastwego.com\/pl\/analog-photography\/\" target=\"_blank\">tradycyjn\u0105<\/a>. Magda mieszka\u0142a w Polsce, Hiszpanii, Portugalii i Zjednoczonych Emiratach Arabskich, a obecnie spe\u0142nia swoje d\u0142ugo oczekiwane marzenie o zobaczeniu tego wielkiego \u015bwiata na w\u0142asne oczy.<\/span><\/p>\n<p>Wpisy Magdy:\u00a0<a href=\"http:\/\/eastwego.com\/category\/magdas-posts\/\" target=\"_blank\">http:\/\/eastwego.com\/pl\/category\/magdas-posts\/<\/a><\/p>\n<p>&nbsp;<\/p>\n<div class=\"tiled-gallery type-circle tiled-gallery-unresized\" data-original-width=\"620\" data-carousel-extra='{&quot;blog_id&quot;:1,&quot;permalink&quot;:&quot;https:\\\/\\\/eastwego.com\\\/pl\\\/about-us\\\/&quot;,&quot;likes_blog_id&quot;:77366795}' itemscope itemtype=\"http:\/\/schema.org\/ImageGallery\" > <div class=\"gallery-row\" style=\"width: 620px; height: 155px;\" data-original-width=\"620\" data-original-height=\"155\" > <div class=\"gallery-group\" style=\"width: 155px; height: 155px;\" data-original-width=\"155\" data-original-height=\"155\" > <div class=\"tiled-gallery-item \" itemprop=\"associatedMedia\" itemscope itemtype=\"http:\/\/schema.org\/ImageObject\"> <a href=\"https:\/\/i1.wp.com\/eastwego.com\/wp-content\/uploads\/2015\/08\/bamboo-2.jpg?ssl=1\" border=\"0\" itemprop=\"url\"> <meta itemprop=\"width\" content=\"151\"> <meta itemprop=\"height\" content=\"151\"> <img data-attachment-id=\"5310\" data-orig-file=\"https:\/\/eastwego.com\/wp-content\/uploads\/2015\/08\/bamboo-2.jpg\" data-orig-size=\"700,394\" data-comments-opened=\"1\" data-image-meta=\"{&quot;aperture&quot;:&quot;3.6&quot;,&quot;credit&quot;:&quot;&quot;,&quot;camera&quot;:&quot;X10&quot;,&quot;caption&quot;:&quot;&quot;,&quot;created_timestamp&quot;:&quot;1439719949&quot;,&quot;copyright&quot;:&quot;&quot;,&quot;focal_length&quot;:&quot;7.1&quot;,&quot;iso&quot;:&quot;100&quot;,&quot;shutter_speed&quot;:&quot;0.00208333333333&quot;,&quot;title&quot;:&quot;&quot;,&quot;orientation&quot;:&quot;0&quot;}\" data-image-title=\"Bamboo Train, Battambang\" data-image-description=\"\" data-medium-file=\"https:\/\/eastwego.com\/wp-content\/uploads\/2015\/08\/bamboo-2-300x169.jpg\" data-large-file=\"https:\/\/eastwego.com\/wp-content\/uploads\/2015\/08\/bamboo-2.jpg\" src=\"https:\/\/i1.wp.com\/eastwego.com\/wp-content\/uploads\/2015\/08\/bamboo-2.jpg?w=151&#038;h=151&#038;crop=1&#038;ssl=1\" width=\"151\" height=\"151\" data-original-width=\"151\" data-original-height=\"151\" itemprop=\"http:\/\/schema.org\/image\" title=\"Bamboo Train, Battambang\" alt=\"Battambang\" style=\"width: 151px; height: 151px;\" \/> <\/a> <div class=\"tiled-gallery-caption\" itemprop=\"caption description\"> Battambang <\/div> <\/div> <\/div> <div class=\"gallery-group\" style=\"width: 155px; height: 155px;\" data-original-width=\"155\" data-original-height=\"155\" > <div class=\"tiled-gallery-item \" itemprop=\"associatedMedia\" itemscope itemtype=\"http:\/\/schema.org\/ImageObject\"> <a href=\"https:\/\/i1.wp.com\/eastwego.com\/wp-content\/uploads\/2015\/08\/Koh-Tao-35.jpg?ssl=1\" border=\"0\" itemprop=\"url\"> <meta itemprop=\"width\" content=\"151\"> <meta itemprop=\"height\" content=\"151\"> <img data-attachment-id=\"5186\" data-orig-file=\"https:\/\/eastwego.com\/wp-content\/uploads\/2015\/08\/Koh-Tao-35.jpg\" data-orig-size=\"700,525\" data-comments-opened=\"1\" data-image-meta=\"{&quot;aperture&quot;:&quot;2.8&quot;,&quot;credit&quot;:&quot;&quot;,&quot;camera&quot;:&quot;HERO3+ Black Edition&quot;,&quot;caption&quot;:&quot;DCIM100GOPRO&quot;,&quot;created_timestamp&quot;:&quot;1438786080&quot;,&quot;copyright&quot;:&quot;&quot;,&quot;focal_length&quot;:&quot;2.77&quot;,&quot;iso&quot;:&quot;100&quot;,&quot;shutter_speed&quot;:&quot;0.00105263157895&quot;,&quot;title&quot;:&quot;DCIM100GOPRO&quot;,&quot;orientation&quot;:&quot;0&quot;}\" data-image-title=\"DCIM100GOPRO\" data-image-description=\"\" data-medium-file=\"https:\/\/eastwego.com\/wp-content\/uploads\/2015\/08\/Koh-Tao-35-300x225.jpg\" data-large-file=\"https:\/\/eastwego.com\/wp-content\/uploads\/2015\/08\/Koh-Tao-35.jpg\" src=\"https:\/\/i1.wp.com\/eastwego.com\/wp-content\/uploads\/2015\/08\/Koh-Tao-35.jpg?w=151&#038;h=151&#038;crop=1&#038;ssl=1\" width=\"151\" height=\"151\" data-original-width=\"151\" data-original-height=\"151\" itemprop=\"http:\/\/schema.org\/image\" title=\"DCIM100GOPRO\" alt=\"Koh Tao - Thailand\" style=\"width: 151px; height: 151px;\" \/> <\/a> <div class=\"tiled-gallery-caption\" itemprop=\"caption description\"> Koh Tao &#8211; Thailand <\/div> <\/div> <\/div> <div class=\"gallery-group\" style=\"width: 155px; height: 155px;\" data-original-width=\"155\" data-original-height=\"155\" > <div class=\"tiled-gallery-item \" itemprop=\"associatedMedia\" itemscope itemtype=\"http:\/\/schema.org\/ImageObject\"> <a href=\"https:\/\/i0.wp.com\/eastwego.com\/wp-content\/uploads\/2015\/08\/Koh-Tao-12.jpg?ssl=1\" border=\"0\" itemprop=\"url\"> <meta itemprop=\"width\" content=\"151\"> <meta itemprop=\"height\" content=\"151\"> <img data-attachment-id=\"5163\" data-orig-file=\"https:\/\/eastwego.com\/wp-content\/uploads\/2015\/08\/Koh-Tao-12.jpg\" data-orig-size=\"700,394\" data-comments-opened=\"1\" data-image-meta=\"{&quot;aperture&quot;:&quot;3.2&quot;,&quot;credit&quot;:&quot;&quot;,&quot;camera&quot;:&quot;X10&quot;,&quot;caption&quot;:&quot;&quot;,&quot;created_timestamp&quot;:&quot;1438693181&quot;,&quot;copyright&quot;:&quot;&quot;,&quot;focal_length&quot;:&quot;7.1&quot;,&quot;iso&quot;:&quot;100&quot;,&quot;shutter_speed&quot;:&quot;0.00111111111111&quot;,&quot;title&quot;:&quot;&quot;,&quot;orientation&quot;:&quot;0&quot;}\" data-image-title=\"Koh Tao-12\" data-image-description=\"\" data-medium-file=\"https:\/\/eastwego.com\/wp-content\/uploads\/2015\/08\/Koh-Tao-12-300x169.jpg\" data-large-file=\"https:\/\/eastwego.com\/wp-content\/uploads\/2015\/08\/Koh-Tao-12.jpg\" src=\"https:\/\/i0.wp.com\/eastwego.com\/wp-content\/uploads\/2015\/08\/Koh-Tao-12.jpg?w=151&#038;h=151&#038;crop=1&#038;ssl=1\" width=\"151\" height=\"151\" data-original-width=\"151\" data-original-height=\"151\" itemprop=\"http:\/\/schema.org\/image\" title=\"Koh Tao-12\" alt=\"Koh Tao - Thailand\" style=\"width: 151px; height: 151px;\" \/> <\/a> <div class=\"tiled-gallery-caption\" itemprop=\"caption description\"> Koh Tao &#8211; Thailand <\/div> <\/div> <\/div> <div class=\"gallery-group\" style=\"width: 155px; height: 155px;\" data-original-width=\"155\" data-original-height=\"155\" > <div class=\"tiled-gallery-item \" itemprop=\"associatedMedia\" itemscope itemtype=\"http:\/\/schema.org\/ImageObject\"> <a href=\"https:\/\/i1.wp.com\/eastwego.com\/wp-content\/uploads\/2015\/07\/bangkok-38.jpg?ssl=1\" border=\"0\" itemprop=\"url\"> <meta itemprop=\"width\" content=\"151\"> <meta itemprop=\"height\" content=\"151\"> <img data-attachment-id=\"4605\" data-orig-file=\"https:\/\/eastwego.com\/wp-content\/uploads\/2015\/07\/bangkok-38.jpg\" data-orig-size=\"700,469\" data-comments-opened=\"1\" data-image-meta=\"{&quot;aperture&quot;:&quot;2.2&quot;,&quot;credit&quot;:&quot;&quot;,&quot;camera&quot;:&quot;X10&quot;,&quot;caption&quot;:&quot;&quot;,&quot;created_timestamp&quot;:&quot;1436966970&quot;,&quot;copyright&quot;:&quot;&quot;,&quot;focal_length&quot;:&quot;9.6&quot;,&quot;iso&quot;:&quot;100&quot;,&quot;shutter_speed&quot;:&quot;0.00357142857143&quot;,&quot;title&quot;:&quot;&quot;,&quot;orientation&quot;:&quot;0&quot;}\" data-image-title=\"bangkok-38\" data-image-description=\"\" data-medium-file=\"https:\/\/eastwego.com\/wp-content\/uploads\/2015\/07\/bangkok-38-300x201.jpg\" data-large-file=\"https:\/\/eastwego.com\/wp-content\/uploads\/2015\/07\/bangkok-38.jpg\" src=\"https:\/\/i1.wp.com\/eastwego.com\/wp-content\/uploads\/2015\/07\/bangkok-38.jpg?w=151&#038;h=151&#038;crop=1&#038;ssl=1\" width=\"151\" height=\"151\" data-original-width=\"151\" data-original-height=\"151\" itemprop=\"http:\/\/schema.org\/image\" title=\"bangkok-38\" alt=\"Wat Pho - Bangkok\" style=\"width: 151px; height: 151px;\" \/> <\/a> <div class=\"tiled-gallery-caption\" itemprop=\"caption description\"> Wat Pho &#8211; Bangkok <\/div> <\/div> <\/div> <\/div> <div class=\"gallery-row\" style=\"width: 620px; height: 155px;\" data-original-width=\"620\" data-original-height=\"155\" > <div class=\"gallery-group\" style=\"width: 155px; height: 155px;\" data-original-width=\"155\" data-original-height=\"155\" > <div class=\"tiled-gallery-item \" itemprop=\"associatedMedia\" itemscope itemtype=\"http:\/\/schema.org\/ImageObject\"> <a href=\"https:\/\/i1.wp.com\/eastwego.com\/wp-content\/uploads\/2015\/06\/Salzburg-23.jpg?ssl=1\" border=\"0\" itemprop=\"url\"> <meta itemprop=\"width\" content=\"151\"> <meta itemprop=\"height\" content=\"151\"> <img data-attachment-id=\"4025\" data-orig-file=\"https:\/\/eastwego.com\/wp-content\/uploads\/2015\/06\/Salzburg-23.jpg\" data-orig-size=\"800,450\" data-comments-opened=\"1\" data-image-meta=\"{&quot;aperture&quot;:&quot;2&quot;,&quot;credit&quot;:&quot;&quot;,&quot;camera&quot;:&quot;X10&quot;,&quot;caption&quot;:&quot;&quot;,&quot;created_timestamp&quot;:&quot;1432675844&quot;,&quot;copyright&quot;:&quot;&quot;,&quot;focal_length&quot;:&quot;7.1&quot;,&quot;iso&quot;:&quot;200&quot;,&quot;shutter_speed&quot;:&quot;0.00909090909091&quot;,&quot;title&quot;:&quot;&quot;,&quot;orientation&quot;:&quot;0&quot;}\" data-image-title=\"Salzburg-23\" data-image-description=\"\" data-medium-file=\"https:\/\/eastwego.com\/wp-content\/uploads\/2015\/06\/Salzburg-23-300x169.jpg\" data-large-file=\"https:\/\/eastwego.com\/wp-content\/uploads\/2015\/06\/Salzburg-23.jpg\" src=\"https:\/\/i1.wp.com\/eastwego.com\/wp-content\/uploads\/2015\/06\/Salzburg-23.jpg?w=151&#038;h=151&#038;crop=1&#038;ssl=1\" width=\"151\" height=\"151\" data-original-width=\"151\" data-original-height=\"151\" itemprop=\"http:\/\/schema.org\/image\" title=\"Salzburg-23\" alt=\"Salzburg\" style=\"width: 151px; height: 151px;\" \/> <\/a> <div class=\"tiled-gallery-caption\" itemprop=\"caption description\"> Salzburg <\/div> <\/div> <\/div> <div class=\"gallery-group\" style=\"width: 155px; height: 155px;\" data-original-width=\"155\" data-original-height=\"155\" > <div class=\"tiled-gallery-item \" itemprop=\"associatedMedia\" itemscope itemtype=\"http:\/\/schema.org\/ImageObject\"> <a href=\"https:\/\/i1.wp.com\/eastwego.com\/wp-content\/uploads\/2015\/06\/Liechtenstein-18.jpg?ssl=1\" border=\"0\" itemprop=\"url\"> <meta itemprop=\"width\" content=\"151\"> <meta itemprop=\"height\" content=\"151\"> <img data-attachment-id=\"3977\" data-orig-file=\"https:\/\/eastwego.com\/wp-content\/uploads\/2015\/06\/Liechtenstein-18.jpg\" data-orig-size=\"800,450\" data-comments-opened=\"1\" data-image-meta=\"{&quot;aperture&quot;:&quot;2.8&quot;,&quot;credit&quot;:&quot;&quot;,&quot;camera&quot;:&quot;X10&quot;,&quot;caption&quot;:&quot;&quot;,&quot;created_timestamp&quot;:&quot;1432644081&quot;,&quot;copyright&quot;:&quot;&quot;,&quot;focal_length&quot;:&quot;7.1&quot;,&quot;iso&quot;:&quot;100&quot;,&quot;shutter_speed&quot;:&quot;0.00294117647059&quot;,&quot;title&quot;:&quot;&quot;,&quot;orientation&quot;:&quot;0&quot;}\" data-image-title=\"Liechtenstein-18\" data-image-description=\"\" data-medium-file=\"https:\/\/eastwego.com\/wp-content\/uploads\/2015\/06\/Liechtenstein-18-300x169.jpg\" data-large-file=\"https:\/\/eastwego.com\/wp-content\/uploads\/2015\/06\/Liechtenstein-18.jpg\" src=\"https:\/\/i1.wp.com\/eastwego.com\/wp-content\/uploads\/2015\/06\/Liechtenstein-18.jpg?w=151&#038;h=151&#038;crop=1&#038;ssl=1\" width=\"151\" height=\"151\" data-original-width=\"151\" data-original-height=\"151\" itemprop=\"http:\/\/schema.org\/image\" title=\"Liechtenstein-18\" alt=\"Vaduz - Liechtenstein\" style=\"width: 151px; height: 151px;\" \/> <\/a> <div class=\"tiled-gallery-caption\" itemprop=\"caption description\"> Vaduz &#8211; Liechtenstein <\/div> <\/div> <\/div> <div class=\"gallery-group\" style=\"width: 155px; height: 155px;\" data-original-width=\"155\" data-original-height=\"155\" > <div class=\"tiled-gallery-item \" itemprop=\"associatedMedia\" itemscope itemtype=\"http:\/\/schema.org\/ImageObject\"> <a href=\"https:\/\/i2.wp.com\/eastwego.com\/wp-content\/uploads\/2015\/06\/Interlaken-and-waterfall-10.jpg?ssl=1\" border=\"0\" itemprop=\"url\"> <meta itemprop=\"width\" content=\"151\"> <meta itemprop=\"height\" content=\"151\"> <img data-attachment-id=\"3882\" data-orig-file=\"https:\/\/eastwego.com\/wp-content\/uploads\/2015\/06\/Interlaken-and-waterfall-10.jpg\" data-orig-size=\"800,450\" data-comments-opened=\"1\" data-image-meta=\"{&quot;aperture&quot;:&quot;2&quot;,&quot;credit&quot;:&quot;&quot;,&quot;camera&quot;:&quot;X10&quot;,&quot;caption&quot;:&quot;&quot;,&quot;created_timestamp&quot;:&quot;1432568078&quot;,&quot;copyright&quot;:&quot;&quot;,&quot;focal_length&quot;:&quot;7.1&quot;,&quot;iso&quot;:&quot;500&quot;,&quot;shutter_speed&quot;:&quot;0.0666666666667&quot;,&quot;title&quot;:&quot;&quot;,&quot;orientation&quot;:&quot;0&quot;}\" data-image-title=\"Interlaken and waterfall-10\" data-image-description=\"\" data-medium-file=\"https:\/\/eastwego.com\/wp-content\/uploads\/2015\/06\/Interlaken-and-waterfall-10-300x169.jpg\" data-large-file=\"https:\/\/eastwego.com\/wp-content\/uploads\/2015\/06\/Interlaken-and-waterfall-10.jpg\" src=\"https:\/\/i2.wp.com\/eastwego.com\/wp-content\/uploads\/2015\/06\/Interlaken-and-waterfall-10.jpg?w=151&#038;h=151&#038;crop=1&#038;ssl=1\" width=\"151\" height=\"151\" data-original-width=\"151\" data-original-height=\"151\" itemprop=\"http:\/\/schema.org\/image\" title=\"Interlaken and waterfall-10\" alt=\"Tr\u00fcmmelbach\" style=\"width: 151px; height: 151px;\" \/> <\/a> <div class=\"tiled-gallery-caption\" itemprop=\"caption description\"> Tr\u00fcmmelbach <\/div> <\/div> <\/div> <div class=\"gallery-group\" style=\"width: 155px; height: 155px;\" data-original-width=\"155\" data-original-height=\"155\" > <div class=\"tiled-gallery-item \" itemprop=\"associatedMedia\" itemscope itemtype=\"http:\/\/schema.org\/ImageObject\"> <a href=\"https:\/\/i0.wp.com\/eastwego.com\/wp-content\/uploads\/2015\/06\/Andorra-41.jpg?ssl=1\" border=\"0\" itemprop=\"url\"> <meta itemprop=\"width\" content=\"151\"> <meta itemprop=\"height\" content=\"151\"> <img data-attachment-id=\"3484\" data-orig-file=\"https:\/\/eastwego.com\/wp-content\/uploads\/2015\/06\/Andorra-41.jpg\" data-orig-size=\"800,450\" data-comments-opened=\"1\" data-image-meta=\"{&quot;aperture&quot;:&quot;4.5&quot;,&quot;credit&quot;:&quot;&quot;,&quot;camera&quot;:&quot;X10&quot;,&quot;caption&quot;:&quot;&quot;,&quot;created_timestamp&quot;:&quot;1432049878&quot;,&quot;copyright&quot;:&quot;&quot;,&quot;focal_length&quot;:&quot;7.1&quot;,&quot;iso&quot;:&quot;100&quot;,&quot;shutter_speed&quot;:&quot;0.0015625&quot;,&quot;title&quot;:&quot;&quot;,&quot;orientation&quot;:&quot;0&quot;}\" data-image-title=\"Andorra-41\" data-image-description=\"\" data-medium-file=\"https:\/\/eastwego.com\/wp-content\/uploads\/2015\/06\/Andorra-41-300x169.jpg\" data-large-file=\"https:\/\/eastwego.com\/wp-content\/uploads\/2015\/06\/Andorra-41.jpg\" src=\"https:\/\/i0.wp.com\/eastwego.com\/wp-content\/uploads\/2015\/06\/Andorra-41.jpg?w=151&#038;h=151&#038;crop=1&#038;ssl=1\" width=\"151\" height=\"151\" data-original-width=\"151\" data-original-height=\"151\" itemprop=\"http:\/\/schema.org\/image\" title=\"Andorra-41\" alt=\"Andorra\" style=\"width: 151px; height: 151px;\" \/> <\/a> <div class=\"tiled-gallery-caption\" itemprop=\"caption description\"> Andorra <\/div> <\/div> <\/div> <\/div> <\/div>\n<p>Nasza dotychczasowa trasa:<br \/>\n<div class=\"nwm-wrap\" ><div id=\"nwm-map-2\" class=\"nomad-world-map\" ><\/div><div class=\"nwm-destination-list\"><div class=\"nwm-back nwm-control\"><\/div><ul><\/ul><div class=\"nwm-forward nwm-control\"><\/div><\/div><\/div>","protected":false},"excerpt":{"rendered":"<p>Renato urodzi\u0142 si\u0119 w Porto ponad trzy dekady temu, a dzie\u0144 p\u00f3\u017aniej przeni\u00f3s\u0142 si\u0119 do Sanguedo, niewielkiego miasta oko\u0142o 30 km od Porto. W wieku lat 18 wr\u00f3ci\u0142 do miasta, kt\u00f3re jako pierwsze go ujrza\u0142o, aby studiowa\u0107 Zarz\u0105dzanie Zasobami Ludzkimi i zosta\u0107 prawdziwym m\u0119\u017cczyzn\u0105. Podr\u00f3\u017ce do Europy, Azji, p\u00f3\u0142nocnej Ameryki i p\u00f3\u0142nocnej Afryki u\u015bwiadomi\u0142y mu, &#8230;<\/p>\n","protected":false},"author":1,"featured_media":1545,"parent":0,"menu_order":1,"comment_status":"closed","ping_status":"closed","template":"","meta":{"spay_email":""},"jetpack_shortlink":"https:\/\/wp.me\/P5eCDx-y","jetpack_sharing_enabled":true,"_links":{"self":[{"href":"https:\/\/eastwego.com\/pl\/wp-json\/wp\/v2\/pages\/34"}],"collection":[{"href":"https:\/\/eastwego.com\/pl\/wp-json\/wp\/v2\/pages"}],"about":[{"href":"https:\/\/eastwego.com\/pl\/wp-json\/wp\/v2\/types\/page"}],"author":[{"embeddable":true,"href":"https:\/\/eastwego.com\/pl\/wp-json\/wp\/v2\/users\/1"}],"replies":[{"embeddable":true,"href":"https:\/\/eastwego.com\/pl\/wp-json\/wp\/v2\/comments?post=34"}],"version-history":[{"count":3,"href":"https:\/\/eastwego.com\/pl\/wp-json\/wp\/v2\/pages\/34\/revisions"}],"predecessor-version":[{"id":7913,"href":"https:\/\/eastwego.com\/pl\/wp-json\/wp\/v2\/pages\/34\/revisions\/7913"}],"wp:featuredmedia":[{"embeddable":true,"href":"https:\/\/eastwego.com\/pl\/wp-json\/wp\/v2\/media\/1545"}],"wp:attachment":[{"href":"https:\/\/eastwego.com\/pl\/wp-json\/wp\/v2\/media?parent=34"}],"curies":[{"name":"wp","href":"https:\/\/api.w.org\/{rel}","templated":true}]}}