{"id":5846,"date":"2015-09-19T15:48:20","date_gmt":"2015-09-19T15:48:20","guid":{"rendered":"http:\/\/eastwego.com\/?page_id=5846"},"modified":"2016-07-24T13:57:34","modified_gmt":"2016-07-24T13:57:34","slug":"our-backpacks","status":"publish","type":"page","link":"https:\/\/eastwego.com\/pl\/our-backpacks\/","title":{"rendered":"Nasze plecaki"},"content":{"rendered":"<p style=\"text-align: justify;\"><span style=\"text-decoration: underline;\"><strong><span style=\"color: #000080; text-decoration: underline;\">Plecak Magdy<\/span><\/strong><\/span><\/p>\n<p style=\"text-align: justify;\">Producent:<b> Deuter<\/b><\/p>\n<p style=\"text-align: justify;\">Kolekcja:<b> Quantum<\/b><\/p>\n<p style=\"text-align: justify;\"><b>Pojemno\u015b\u0107: 55 + 10 + 10-18 (ma\u0142y plecak) litr\u00f3w<\/b><\/p>\n<p style=\"text-align: justify;\">Waga: 2.75 kg<\/p>\n<p style=\"text-align: justify;\">Wymiary: 78 x 32 x 22 (34 z ma\u0142ym plecakiem) cm<\/p>\n<p style=\"text-align: justify;\">Szukaj\u0105c idealnego plecaka zale\u017ca\u0142o mi przede wszystkim na rozmiarze, my\u015bla\u0142am o plecaku o pojemno\u015bci 50-60 litr\u00f3w oraz mo\u017cliwo\u015bci dost\u0119pu do baga\u017cu od frontu. Funkcja ta by\u0142a dla mnie wa\u017cna, poniewa\u017c wiedzia\u0142am, \u017ce b\u0119dziemy nocowa\u0107 co kilka dni w innym miejscu, wi\u0119c <b>sprawne i szybkie rozpakowywanie i pakowanie plecaka by\u0142o dla mnie priorytetem<\/b>. Poza tym, czy nie ma nic bardziej irytuj\u0105cego, ni\u017c konieczno\u015b\u0107 wypakowywania wszystkich rzeczy z plecaka, by dotrze\u0107 do czego\u015b, co przypadkiem zosta\u0142o na dnie?<\/p>\n<p style=\"text-align: justify;\">Plecak Deuter Quantum ma idealny rozmiar. <b>55 litr\u00f3w plus dodatkowe 10 litr\u00f3w w kominie<\/b> zupe\u0142nie wystarczy\u0142o mi, by spakowa\u0107 si\u0119 na <b>kilkumiesi\u0119czn\u0105 wypraw\u0119 po Azji po\u0142udniowo-wschodniej<\/b>. Przy dobrym spakowaniu nie wykorzystuj\u0119 dodatkowej przestrzeni w kominie, ale jest ona u\u017cyteczna, gdy chc\u0119 szybko schowa\u0107 na przyk\u0142ad kurtk\u0119. <b>Dost\u0119p do baga\u017cu od g\u00f3ry i od frontu sprawia, \u017ce z \u0142atwo\u015bci\u0105 odnajduj\u0119 wszystkie rzeczy<\/b>, bez konieczno\u015bci wyjmowania ich z plecaka. Dodatkowo, g\u0142\u00f3wna komora podzielona jest na dwie cz\u0119\u015bci, oddzielone zamkiem. Dzi\u0119ki temu brudne buty zawsze pozostaj\u0105 same na dnie, z dala od reszty ubra\u0144.<\/p>\n<p style=\"text-align: justify;\">Kolejnym ogromnym plusem plecaka jest <b>dodatkowy ma\u0142y plecaczek o pojemno\u015bci 10 litr\u00f3w<\/b>. U\u017cywam go non stop. Jest niewielki, ale ma mo\u017cliwo\u015b\u0107 powi\u0119kszenia poprzez rozpi\u0119cie zamka. Dzi\u0119ki temu mam plecak, kt\u00f3ry u\u017cywam na co dzie\u0144, gdy du\u017cy plecak zostaje w hotelu lub baga\u017cniku autobusu. Jest on idealnej wielko\u015bci, bez problemu pomie\u015bci komputer, kurt\u0119 i aparat, ale jest te\u017c wystarczaj\u0105co niedu\u017cy, by przypi\u0105\u0107 go od frontu do du\u017cego plecaka. Ma\u0142y plecak mo\u017cna r\u00f3wnie\u017c szybko przyczepi\u0107 do ramion du\u017cego plecaka i nosi\u0107 go na klatce piersiowej. To rozwi\u0105zanie sprawdza si\u0119, gdy potrzebuj\u0119 mie\u0107 szybki dost\u0119p do baga\u017cu \u201epodr\u0119cznego\u201d.<\/p>\n<p style=\"text-align: justify;\">U\u017cyteczny r\u00f3wnie\u017c okaza\u0142 si\u0119 <b>pokrowiec transportowo-przeciwdeszczowy<\/b>. Cho\u0107 jest on do\u015b\u0107 du\u017cy i troch\u0119 ci\u0119\u017cki jak na kawa\u0142ek poliestru, \u00a0u\u017cywamy go g\u0142\u00f3wnie podczas podr\u00f3\u017cy. <b>Plecak da si\u0119 ca\u0142kowicie zamkn\u0105\u0107 w pokrowcu i zapi\u0105\u0107 zamek na k\u0142\u00f3dk\u0119<\/b>. Dzi\u0119ki temu mamy pewno\u015b\u0107, \u017ce nikt w naszych plecakach nie buszuje. Jest to r\u00f3wnie\u017c dodatkowa ochrona plecaka podczas podr\u00f3\u017cy samolotem, gdy plecak jest nadawany.<\/p>\n<p style=\"text-align: justify;\">Plecak ten jest modelem pono\u0107 specjalnie dopasowanym do kobiecej sylwetki i rzeczywi\u015bcie jest on wygodny, a pas biodrowy dobrze podtrzymuje ci\u0119\u017car.<\/p>\n<p style=\"text-align: justify;\">Jedyn\u0105 wad\u0105 plecaka jest jego waga \u2014 \u00a0prawie 3kg!<\/p>\n<p style=\"text-align: justify;\"><b>Musz\u0119 przyzna\u0107, \u017ce Deuter Quantum by\u0142 strza\u0142em w dziesi\u0105tk\u0119. Ceni\u0119 go sobie za idealny rozmiar, mo\u017cliwo\u015b\u0107 dost\u0119pu do baga\u017cu od frontu, dodatkowy ma\u0142y plecak, kt\u00f3ry u\u017cywam non stop i pokrowiec transportowo-przeciwdeszczowy, kt\u00f3ry chroni moje rzeczy przed deszczem i kradzie\u017c\u0105 podczas podr\u00f3\u017cy poci\u0105gami i autobusami.<\/b><\/p>\n<div class=\"tiled-gallery type-square tiled-gallery-unresized\" style=\"text-align: justify;\" data-original-width=\"620\" data-carousel-extra=\"{&quot;blog_id&quot;:1,&quot;permalink&quot;:&quot;http:\\\/\\\/eastwego.com\\\/?page_id=5846&quot;,&quot;likes_blog_id&quot;:77366795}\">\n<div class=\"gallery-row\" data-original-width=\"620\" data-original-height=\"620\"><\/div>\n<div class=\"gallery-row\" data-original-width=\"620\" data-original-height=\"206\">\n<div class=\"gallery-group\" data-original-width=\"206\" data-original-height=\"206\">\n<div class=\"tiled-gallery-item\">\n<p><img data-attachment-id=\"5838\" data-permalink=\"https:\/\/eastwego.com\/pl\/our-backpacks\/deuter-7\/\" data-orig-file=\"https:\/\/eastwego.com\/wp-content\/uploads\/2015\/09\/deuter-7.jpg\" data-orig-size=\"700,394\" data-comments-opened=\"1\" data-image-meta=\"{&quot;aperture&quot;:&quot;2.2&quot;,&quot;credit&quot;:&quot;&quot;,&quot;camera&quot;:&quot;X10&quot;,&quot;caption&quot;:&quot;&quot;,&quot;created_timestamp&quot;:&quot;1442400734&quot;,&quot;copyright&quot;:&quot;&quot;,&quot;focal_length&quot;:&quot;8.3&quot;,&quot;iso&quot;:&quot;800&quot;,&quot;shutter_speed&quot;:&quot;0.02&quot;,&quot;title&quot;:&quot;&quot;,&quot;orientation&quot;:&quot;0&quot;}\" data-image-title=\"deuter-7\" data-image-description=\"\" data-medium-file=\"https:\/\/eastwego.com\/wp-content\/uploads\/2015\/09\/deuter-7-300x169.jpg\" data-large-file=\"https:\/\/eastwego.com\/wp-content\/uploads\/2015\/09\/deuter-7.jpg\" loading=\"lazy\" class=\"aligncenter size-full wp-image-5838\" src=\"http:\/\/eastwego.com\/wp-content\/uploads\/2015\/09\/deuter-7.jpg\" alt=\"deuter-7\" width=\"700\" height=\"394\" srcset=\"https:\/\/eastwego.com\/wp-content\/uploads\/2015\/09\/deuter-7.jpg 700w, https:\/\/eastwego.com\/wp-content\/uploads\/2015\/09\/deuter-7-300x169.jpg 300w\" sizes=\"(max-width: 700px) 100vw, 700px\" \/>\u00a0 <img data-attachment-id=\"5837\" data-permalink=\"https:\/\/eastwego.com\/pl\/our-backpacks\/deuter-6\/\" data-orig-file=\"https:\/\/eastwego.com\/wp-content\/uploads\/2015\/09\/deuter-6.jpg\" data-orig-size=\"700,394\" data-comments-opened=\"1\" data-image-meta=\"{&quot;aperture&quot;:&quot;2.2&quot;,&quot;credit&quot;:&quot;&quot;,&quot;camera&quot;:&quot;X10&quot;,&quot;caption&quot;:&quot;&quot;,&quot;created_timestamp&quot;:&quot;1442400691&quot;,&quot;copyright&quot;:&quot;&quot;,&quot;focal_length&quot;:&quot;11.7&quot;,&quot;iso&quot;:&quot;1600&quot;,&quot;shutter_speed&quot;:&quot;0.025&quot;,&quot;title&quot;:&quot;&quot;,&quot;orientation&quot;:&quot;0&quot;}\" data-image-title=\"deuter-6\" data-image-description=\"\" data-medium-file=\"https:\/\/eastwego.com\/wp-content\/uploads\/2015\/09\/deuter-6-300x169.jpg\" data-large-file=\"https:\/\/eastwego.com\/wp-content\/uploads\/2015\/09\/deuter-6.jpg\" loading=\"lazy\" class=\"aligncenter size-full wp-image-5837\" src=\"http:\/\/eastwego.com\/wp-content\/uploads\/2015\/09\/deuter-6.jpg\" alt=\"deuter-6\" width=\"700\" height=\"394\" srcset=\"https:\/\/eastwego.com\/wp-content\/uploads\/2015\/09\/deuter-6.jpg 700w, https:\/\/eastwego.com\/wp-content\/uploads\/2015\/09\/deuter-6-300x169.jpg 300w\" sizes=\"(max-width: 700px) 100vw, 700px\" \/>\u00a0 <img data-attachment-id=\"5836\" data-permalink=\"https:\/\/eastwego.com\/pl\/our-backpacks\/deuter-5\/\" data-orig-file=\"https:\/\/eastwego.com\/wp-content\/uploads\/2015\/09\/deuter-5.jpg\" data-orig-size=\"394,700\" data-comments-opened=\"1\" data-image-meta=\"{&quot;aperture&quot;:&quot;2.2&quot;,&quot;credit&quot;:&quot;&quot;,&quot;camera&quot;:&quot;X10&quot;,&quot;caption&quot;:&quot;&quot;,&quot;created_timestamp&quot;:&quot;1442400662&quot;,&quot;copyright&quot;:&quot;&quot;,&quot;focal_length&quot;:&quot;10.4&quot;,&quot;iso&quot;:&quot;640&quot;,&quot;shutter_speed&quot;:&quot;0.05&quot;,&quot;title&quot;:&quot;&quot;,&quot;orientation&quot;:&quot;0&quot;}\" data-image-title=\"deuter-5\" data-image-description=\"\" data-medium-file=\"https:\/\/eastwego.com\/wp-content\/uploads\/2015\/09\/deuter-5-169x300.jpg\" data-large-file=\"https:\/\/eastwego.com\/wp-content\/uploads\/2015\/09\/deuter-5.jpg\" loading=\"lazy\" class=\"aligncenter size-full wp-image-5836\" src=\"http:\/\/eastwego.com\/wp-content\/uploads\/2015\/09\/deuter-5.jpg\" alt=\"deuter-5\" width=\"394\" height=\"700\" srcset=\"https:\/\/eastwego.com\/wp-content\/uploads\/2015\/09\/deuter-5.jpg 394w, https:\/\/eastwego.com\/wp-content\/uploads\/2015\/09\/deuter-5-169x300.jpg 169w\" sizes=\"(max-width: 394px) 100vw, 394px\" \/>\u00a0 <img data-attachment-id=\"5835\" data-permalink=\"https:\/\/eastwego.com\/pl\/our-backpacks\/deuter-4\/\" data-orig-file=\"https:\/\/eastwego.com\/wp-content\/uploads\/2015\/09\/deuter-4.jpg\" data-orig-size=\"394,700\" data-comments-opened=\"1\" data-image-meta=\"{&quot;aperture&quot;:&quot;2.2&quot;,&quot;credit&quot;:&quot;&quot;,&quot;camera&quot;:&quot;X10&quot;,&quot;caption&quot;:&quot;&quot;,&quot;created_timestamp&quot;:&quot;1442400645&quot;,&quot;copyright&quot;:&quot;&quot;,&quot;focal_length&quot;:&quot;8.9&quot;,&quot;iso&quot;:&quot;400&quot;,&quot;shutter_speed&quot;:&quot;0.05&quot;,&quot;title&quot;:&quot;&quot;,&quot;orientation&quot;:&quot;0&quot;}\" data-image-title=\"deuter-4\" data-image-description=\"\" data-medium-file=\"https:\/\/eastwego.com\/wp-content\/uploads\/2015\/09\/deuter-4-169x300.jpg\" data-large-file=\"https:\/\/eastwego.com\/wp-content\/uploads\/2015\/09\/deuter-4.jpg\" loading=\"lazy\" class=\"aligncenter size-full wp-image-5835\" src=\"http:\/\/eastwego.com\/wp-content\/uploads\/2015\/09\/deuter-4.jpg\" alt=\"deuter-4\" width=\"394\" height=\"700\" srcset=\"https:\/\/eastwego.com\/wp-content\/uploads\/2015\/09\/deuter-4.jpg 394w, https:\/\/eastwego.com\/wp-content\/uploads\/2015\/09\/deuter-4-169x300.jpg 169w\" sizes=\"(max-width: 394px) 100vw, 394px\" \/>\u00a0 <img data-attachment-id=\"5833\" data-permalink=\"https:\/\/eastwego.com\/pl\/our-backpacks\/deuter-2\/\" data-orig-file=\"https:\/\/eastwego.com\/wp-content\/uploads\/2015\/09\/deuter-2.jpg\" data-orig-size=\"394,700\" data-comments-opened=\"1\" data-image-meta=\"{&quot;aperture&quot;:&quot;2&quot;,&quot;credit&quot;:&quot;&quot;,&quot;camera&quot;:&quot;X10&quot;,&quot;caption&quot;:&quot;&quot;,&quot;created_timestamp&quot;:&quot;1442400461&quot;,&quot;copyright&quot;:&quot;&quot;,&quot;focal_length&quot;:&quot;7.1&quot;,&quot;iso&quot;:&quot;400&quot;,&quot;shutter_speed&quot;:&quot;0.0333333333333&quot;,&quot;title&quot;:&quot;&quot;,&quot;orientation&quot;:&quot;0&quot;}\" data-image-title=\"deuter-2\" data-image-description=\"\" data-medium-file=\"https:\/\/eastwego.com\/wp-content\/uploads\/2015\/09\/deuter-2-169x300.jpg\" data-large-file=\"https:\/\/eastwego.com\/wp-content\/uploads\/2015\/09\/deuter-2.jpg\" loading=\"lazy\" class=\"aligncenter size-full wp-image-5833\" src=\"http:\/\/eastwego.com\/wp-content\/uploads\/2015\/09\/deuter-2.jpg\" alt=\"deuter-2\" width=\"394\" height=\"700\" srcset=\"https:\/\/eastwego.com\/wp-content\/uploads\/2015\/09\/deuter-2.jpg 394w, https:\/\/eastwego.com\/wp-content\/uploads\/2015\/09\/deuter-2-169x300.jpg 169w\" sizes=\"(max-width: 394px) 100vw, 394px\" \/>\u00a0 <img data-attachment-id=\"5832\" data-permalink=\"https:\/\/eastwego.com\/pl\/our-backpacks\/deuter-1\/\" data-orig-file=\"https:\/\/eastwego.com\/wp-content\/uploads\/2015\/09\/deuter-1.jpg\" data-orig-size=\"394,700\" data-comments-opened=\"1\" data-image-meta=\"{&quot;aperture&quot;:&quot;2.2&quot;,&quot;credit&quot;:&quot;&quot;,&quot;camera&quot;:&quot;X10&quot;,&quot;caption&quot;:&quot;&quot;,&quot;created_timestamp&quot;:&quot;1442400402&quot;,&quot;copyright&quot;:&quot;&quot;,&quot;focal_length&quot;:&quot;7.9&quot;,&quot;iso&quot;:&quot;1250&quot;,&quot;shutter_speed&quot;:&quot;0.0333333333333&quot;,&quot;title&quot;:&quot;&quot;,&quot;orientation&quot;:&quot;0&quot;}\" data-image-title=\"deuter-1\" data-image-description=\"\" data-medium-file=\"https:\/\/eastwego.com\/wp-content\/uploads\/2015\/09\/deuter-1-169x300.jpg\" data-large-file=\"https:\/\/eastwego.com\/wp-content\/uploads\/2015\/09\/deuter-1.jpg\" loading=\"lazy\" class=\"aligncenter size-full wp-image-5832\" src=\"http:\/\/eastwego.com\/wp-content\/uploads\/2015\/09\/deuter-1.jpg\" alt=\"deuter-1\" width=\"394\" height=\"700\" srcset=\"https:\/\/eastwego.com\/wp-content\/uploads\/2015\/09\/deuter-1.jpg 394w, https:\/\/eastwego.com\/wp-content\/uploads\/2015\/09\/deuter-1-169x300.jpg 169w\" sizes=\"(max-width: 394px) 100vw, 394px\" \/><\/p>\n<\/div>\n<\/div>\n<div class=\"gallery-group\" data-original-width=\"206\" data-original-height=\"206\"><\/div>\n<div class=\"gallery-group\" data-original-width=\"206\" data-original-height=\"206\"><\/div>\n<\/div>\n<div class=\"gallery-row\" data-original-width=\"620\" data-original-height=\"206\">\n<div class=\"gallery-group\" data-original-width=\"206\" data-original-height=\"206\"><\/div>\n<div class=\"gallery-group\" data-original-width=\"206\" data-original-height=\"206\">\u00a0<div class=\"clear\"><\/div><div class=\"divider\"><\/div><\/div>\n<div class=\"gallery-group\" data-original-width=\"206\" data-original-height=\"206\">\n<p class=\"tiled-gallery-item\"><strong><span style=\"text-decoration: underline;\"><span style=\"color: #000080; text-decoration: underline;\">Plecak Renato<\/span><\/span><\/strong><\/p>\n<\/div>\n<\/div>\n<\/div>\n<p style=\"text-align: justify;\">Producent:<b> Deuter<\/b><\/p>\n<p style=\"text-align: justify;\">Kolekcja:<b> Quantum<\/b><\/p>\n<p style=\"text-align: justify;\"><b>Pojemno\u015b\u0107: 70 + 10 + 10-18 (ma\u0142y plecak) litr\u00f3w<\/b><\/p>\n<p style=\"text-align: justify;\">Waga: 2980 g<\/p>\n<p style=\"text-align: justify;\">Wymiary: 86 \/ 34 \/ 26 cm<\/p>\n<p style=\"text-align: justify;\">Przed wybraniem plecaka przeczyta\u0142em w internecie chyba wszystkie mo\u017cliwe recenzje. Szuka\u0142em plecaka, kt\u00f3ry nie b\u0119dzie za du\u017cy i do kt\u00f3rego b\u0119dzie \u0142atwo si\u0119 \u201edosta\u0107\u201d. Deuter Quantum od pocz\u0105tku by\u0142 na mojej li\u015bcie, ale wydawa\u0142o mi si\u0119, \u017ce jest za du\u017cy: 70 + 10 litr\u00f3w w kominie to ca\u0142kiem sporo. Ostatecznie stan\u0119\u0142o na dw\u00f3ch opcjach: \u00a0Deuter Quantum 70 i Osprey Farpoint 55. Obydwa dawa\u0142y mi dost\u0119p do baga\u017cu od frontu oraz dodatkowy ma\u0142y plecak do u\u017cywania na co dzie\u0144, oraz dobr\u0105 jako\u015b\u0107.<\/p>\n<p style=\"text-align: justify;\">Szcz\u0119\u015bliwie w Krakowie znalaz\u0142em obydwa plecaki w dw\u00f3ch r\u00f3\u017cnych sklepach. Po zobaczeniu ich na w\u0142asne oczy nie mia\u0142em ju\u017c w\u0105tpliwo\u015bci. Osprey, cho\u0107 mniejszy, wydawa\u0142 si\u0119 o wiele wi\u0119kszy i szerszy. Nie przekona\u0142 mnie. Nie by\u0142 tak ergonomiczny, a pasy biodrowe wydawa\u0142y si\u0119 zbyt cienkie. Deuter natomiast jest super wygodny i wygl\u0105da na mniejszy, ni\u017c jest w rzeczywisto\u015bci. Dodatkowe 10 L w kominie p\u00f3ki co si\u0119 nie przyda\u0142y, ale dobrze wiedzie\u0107, \u017ce s\u0105, na wszelki wypadek. Poni\u017cej przedstawiam wam jego wady i zalety.<\/p>\n<p style=\"text-align: justify;\"><b>Zalety:<\/b><\/p>\n<ul style=\"text-align: justify;\">\n<li>super wygodny<\/li>\n<li>\u0142atwo\u015b\u0107 regulacji i dopasowania pasa biodrowego, jak i pask\u00f3w naramiennych<\/li>\n<li>regulowany system no\u015bny, kt\u00f3ry dopasowa\u0107 mo\u017cna do wzrostu<\/li>\n<li>system wentylacyjny mi\u0119dzy plecakiem i plecami dzia\u0142a. Mia\u0142em inne plecaki, gdzie system ten si\u0119 nie sprawdzi\u0142<\/li>\n<li>wodoodporny pokrowiec mo\u017cna odczepi\u0107 od plecaka i u\u017cy\u0107 go nie tylko jako ochrona przed deszczem, ale tak\u017ce zabezpieczenie dla plecaka, gdy oddaje si\u0119 go do baga\u017cnika w autobusie, lub nadaje w samolocie. Plecak mie\u015bci si\u0119 w pokrowcu i mo\u017cna zamkn\u0105\u0107 go na k\u0142\u00f3dk\u0119, by mie\u0107 pewno\u015b\u0107, \u017ce nikt go nie otworzy.<\/li>\n<li>ma\u0142y odczepiany plecak jest prosty i wytrzyma\u0142y i \u015bwietny do u\u017cywania na co dzie\u0144. Ma on pojemno\u015b\u0107 10 L, ale mo\u017cna go powi\u0119kszy\u0107 do 18 rozpinaj\u0105c zamek. Nosz\u0119 go ze sob\u0105 praktycznie wsz\u0119dzie.<\/li>\n<\/ul>\n<p style=\"text-align: justify;\"><b>Wady<\/b>:<\/p>\n<ul style=\"text-align: justify;\">\n<li>waga plecaka: 3kg<\/li>\n<li>cena: 185\u20ac. Mam nadziej\u0119, \u017ce wytrzyma kilka lat i b\u0119d\u0119 mia\u0142 wiele okazji, by z niego korzysta\u0107.<\/li>\n<\/ul>\n<p><img data-attachment-id=\"5843\" data-permalink=\"https:\/\/eastwego.com\/pl\/our-backpacks\/deuter-12\/\" data-orig-file=\"https:\/\/eastwego.com\/wp-content\/uploads\/2015\/09\/deuter-12.jpg\" data-orig-size=\"700,394\" data-comments-opened=\"1\" data-image-meta=\"{&quot;aperture&quot;:&quot;2.2&quot;,&quot;credit&quot;:&quot;&quot;,&quot;camera&quot;:&quot;X10&quot;,&quot;caption&quot;:&quot;&quot;,&quot;created_timestamp&quot;:&quot;1442401102&quot;,&quot;copyright&quot;:&quot;&quot;,&quot;focal_length&quot;:&quot;7.9&quot;,&quot;iso&quot;:&quot;400&quot;,&quot;shutter_speed&quot;:&quot;0.05&quot;,&quot;title&quot;:&quot;&quot;,&quot;orientation&quot;:&quot;0&quot;}\" data-image-title=\"deuter-12\" data-image-description=\"\" data-medium-file=\"https:\/\/eastwego.com\/wp-content\/uploads\/2015\/09\/deuter-12-300x169.jpg\" data-large-file=\"https:\/\/eastwego.com\/wp-content\/uploads\/2015\/09\/deuter-12.jpg\" loading=\"lazy\" class=\"aligncenter size-full wp-image-5843\" src=\"http:\/\/eastwego.com\/wp-content\/uploads\/2015\/09\/deuter-12.jpg\" alt=\"deuter-12\" width=\"700\" height=\"394\" srcset=\"https:\/\/eastwego.com\/wp-content\/uploads\/2015\/09\/deuter-12.jpg 700w, https:\/\/eastwego.com\/wp-content\/uploads\/2015\/09\/deuter-12-300x169.jpg 300w\" sizes=\"(max-width: 700px) 100vw, 700px\" \/>\u00a0 <img data-attachment-id=\"5842\" data-permalink=\"https:\/\/eastwego.com\/pl\/our-backpacks\/deuter-11\/\" data-orig-file=\"https:\/\/eastwego.com\/wp-content\/uploads\/2015\/09\/deuter-11.jpg\" data-orig-size=\"394,700\" data-comments-opened=\"1\" data-image-meta=\"{&quot;aperture&quot;:&quot;2.2&quot;,&quot;credit&quot;:&quot;&quot;,&quot;camera&quot;:&quot;X10&quot;,&quot;caption&quot;:&quot;&quot;,&quot;created_timestamp&quot;:&quot;1442400941&quot;,&quot;copyright&quot;:&quot;&quot;,&quot;focal_length&quot;:&quot;10.8&quot;,&quot;iso&quot;:&quot;1600&quot;,&quot;shutter_speed&quot;:&quot;0.04&quot;,&quot;title&quot;:&quot;&quot;,&quot;orientation&quot;:&quot;0&quot;}\" data-image-title=\"deuter-11\" data-image-description=\"\" data-medium-file=\"https:\/\/eastwego.com\/wp-content\/uploads\/2015\/09\/deuter-11-169x300.jpg\" data-large-file=\"https:\/\/eastwego.com\/wp-content\/uploads\/2015\/09\/deuter-11.jpg\" loading=\"lazy\" class=\"aligncenter size-full wp-image-5842\" src=\"http:\/\/eastwego.com\/wp-content\/uploads\/2015\/09\/deuter-11.jpg\" alt=\"deuter-11\" width=\"394\" height=\"700\" srcset=\"https:\/\/eastwego.com\/wp-content\/uploads\/2015\/09\/deuter-11.jpg 394w, https:\/\/eastwego.com\/wp-content\/uploads\/2015\/09\/deuter-11-169x300.jpg 169w\" sizes=\"(max-width: 394px) 100vw, 394px\" \/>\u00a0 <img data-attachment-id=\"5841\" data-permalink=\"https:\/\/eastwego.com\/pl\/our-backpacks\/deuter-10\/\" data-orig-file=\"https:\/\/eastwego.com\/wp-content\/uploads\/2015\/09\/deuter-10.jpg\" data-orig-size=\"394,700\" data-comments-opened=\"1\" data-image-meta=\"{&quot;aperture&quot;:&quot;2.2&quot;,&quot;credit&quot;:&quot;&quot;,&quot;camera&quot;:&quot;X10&quot;,&quot;caption&quot;:&quot;&quot;,&quot;created_timestamp&quot;:&quot;1442400925&quot;,&quot;copyright&quot;:&quot;&quot;,&quot;focal_length&quot;:&quot;10&quot;,&quot;iso&quot;:&quot;640&quot;,&quot;shutter_speed&quot;:&quot;0.05&quot;,&quot;title&quot;:&quot;&quot;,&quot;orientation&quot;:&quot;0&quot;}\" data-image-title=\"deuter-10\" data-image-description=\"\" data-medium-file=\"https:\/\/eastwego.com\/wp-content\/uploads\/2015\/09\/deuter-10-169x300.jpg\" data-large-file=\"https:\/\/eastwego.com\/wp-content\/uploads\/2015\/09\/deuter-10.jpg\" loading=\"lazy\" class=\"aligncenter size-full wp-image-5841\" src=\"http:\/\/eastwego.com\/wp-content\/uploads\/2015\/09\/deuter-10.jpg\" alt=\"deuter-10\" width=\"394\" height=\"700\" srcset=\"https:\/\/eastwego.com\/wp-content\/uploads\/2015\/09\/deuter-10.jpg 394w, https:\/\/eastwego.com\/wp-content\/uploads\/2015\/09\/deuter-10-169x300.jpg 169w\" sizes=\"(max-width: 394px) 100vw, 394px\" \/>\u00a0 <img data-attachment-id=\"5840\" data-permalink=\"https:\/\/eastwego.com\/pl\/our-backpacks\/deuter-9\/\" data-orig-file=\"https:\/\/eastwego.com\/wp-content\/uploads\/2015\/09\/deuter-9.jpg\" data-orig-size=\"394,700\" data-comments-opened=\"1\" data-image-meta=\"{&quot;aperture&quot;:&quot;2.2&quot;,&quot;credit&quot;:&quot;&quot;,&quot;camera&quot;:&quot;X10&quot;,&quot;caption&quot;:&quot;&quot;,&quot;created_timestamp&quot;:&quot;1442400863&quot;,&quot;copyright&quot;:&quot;&quot;,&quot;focal_length&quot;:&quot;9.6&quot;,&quot;iso&quot;:&quot;800&quot;,&quot;shutter_speed&quot;:&quot;0.025&quot;,&quot;title&quot;:&quot;&quot;,&quot;orientation&quot;:&quot;0&quot;}\" data-image-title=\"deuter-9\" data-image-description=\"\" data-medium-file=\"https:\/\/eastwego.com\/wp-content\/uploads\/2015\/09\/deuter-9-169x300.jpg\" data-large-file=\"https:\/\/eastwego.com\/wp-content\/uploads\/2015\/09\/deuter-9.jpg\" loading=\"lazy\" class=\"aligncenter size-full wp-image-5840\" src=\"http:\/\/eastwego.com\/wp-content\/uploads\/2015\/09\/deuter-9.jpg\" alt=\"deuter-9\" width=\"394\" height=\"700\" srcset=\"https:\/\/eastwego.com\/wp-content\/uploads\/2015\/09\/deuter-9.jpg 394w, https:\/\/eastwego.com\/wp-content\/uploads\/2015\/09\/deuter-9-169x300.jpg 169w\" sizes=\"(max-width: 394px) 100vw, 394px\" \/>\u00a0 <img data-attachment-id=\"5839\" data-permalink=\"https:\/\/eastwego.com\/pl\/our-backpacks\/deuter-8\/\" data-orig-file=\"https:\/\/eastwego.com\/wp-content\/uploads\/2015\/09\/deuter-8.jpg\" data-orig-size=\"394,700\" data-comments-opened=\"1\" data-image-meta=\"{&quot;aperture&quot;:&quot;2.2&quot;,&quot;credit&quot;:&quot;&quot;,&quot;camera&quot;:&quot;X10&quot;,&quot;caption&quot;:&quot;&quot;,&quot;created_timestamp&quot;:&quot;1442400761&quot;,&quot;copyright&quot;:&quot;&quot;,&quot;focal_length&quot;:&quot;9.3&quot;,&quot;iso&quot;:&quot;800&quot;,&quot;shutter_speed&quot;:&quot;0.025&quot;,&quot;title&quot;:&quot;&quot;,&quot;orientation&quot;:&quot;0&quot;}\" data-image-title=\"deuter-8\" data-image-description=\"\" data-medium-file=\"https:\/\/eastwego.com\/wp-content\/uploads\/2015\/09\/deuter-8-169x300.jpg\" data-large-file=\"https:\/\/eastwego.com\/wp-content\/uploads\/2015\/09\/deuter-8.jpg\" loading=\"lazy\" class=\"aligncenter size-full wp-image-5839\" src=\"http:\/\/eastwego.com\/wp-content\/uploads\/2015\/09\/deuter-8.jpg\" alt=\"deuter-8\" width=\"394\" height=\"700\" srcset=\"https:\/\/eastwego.com\/wp-content\/uploads\/2015\/09\/deuter-8.jpg 394w, https:\/\/eastwego.com\/wp-content\/uploads\/2015\/09\/deuter-8-169x300.jpg 169w\" sizes=\"(max-width: 394px) 100vw, 394px\" \/><\/p>\n<p><span style=\"color: #ff0000;\">To nie jest post sponsorowany!<\/span><\/p>\n<p><a href=\"http:\/\/eastwego.com\/pl\/packing-list\/\" target=\"_blank\"><img data-attachment-id=\"6510\" data-permalink=\"https:\/\/eastwego.com\/pl\/our-backpacks\/packing-8-pl-570x568\/\" data-orig-file=\"https:\/\/eastwego.com\/wp-content\/uploads\/2015\/09\/Packing-8-PL-570x568.jpg\" data-orig-size=\"570,568\" data-comments-opened=\"1\" data-image-meta=\"{&quot;aperture&quot;:&quot;2&quot;,&quot;credit&quot;:&quot;&quot;,&quot;camera&quot;:&quot;X10&quot;,&quot;caption&quot;:&quot;&quot;,&quot;created_timestamp&quot;:&quot;1443351552&quot;,&quot;copyright&quot;:&quot;&quot;,&quot;focal_length&quot;:&quot;7.1&quot;,&quot;iso&quot;:&quot;100&quot;,&quot;shutter_speed&quot;:&quot;0.00625&quot;,&quot;title&quot;:&quot;&quot;,&quot;orientation&quot;:&quot;0&quot;}\" data-image-title=\"Packing-8 PL (570&#215;568)\" data-image-description=\"\" data-medium-file=\"https:\/\/eastwego.com\/wp-content\/uploads\/2015\/09\/Packing-8-PL-570x568-300x300.jpg\" data-large-file=\"https:\/\/eastwego.com\/wp-content\/uploads\/2015\/09\/Packing-8-PL-570x568.jpg\" loading=\"lazy\" class=\"alignnone wp-image-6510 size-thumbnail\" src=\"http:\/\/eastwego.com\/wp-content\/uploads\/2015\/09\/Packing-8-PL-570x568-150x150.jpg\" alt=\"Packing-8 PL (570x568)\" width=\"150\" height=\"150\" srcset=\"https:\/\/eastwego.com\/wp-content\/uploads\/2015\/09\/Packing-8-PL-570x568-150x150.jpg 150w, https:\/\/eastwego.com\/wp-content\/uploads\/2015\/09\/Packing-8-PL-570x568-300x300.jpg 300w, https:\/\/eastwego.com\/wp-content\/uploads\/2015\/09\/Packing-8-PL-570x568-70x70.jpg 70w, https:\/\/eastwego.com\/wp-content\/uploads\/2015\/09\/Packing-8-PL-570x568.jpg 570w\" sizes=\"(max-width: 150px) 100vw, 150px\" \/><\/a><\/p>\n<p>&nbsp;","protected":false},"excerpt":{"rendered":"<p>Plecak Magdy Producent: Deuter Kolekcja: Quantum Pojemno\u015b\u0107: 55 + 10 + 10-18 (ma\u0142y plecak) litr\u00f3w Waga: 2.75 kg Wymiary: 78 x 32 x 22 (34 z ma\u0142ym plecakiem) cm Szukaj\u0105c idealnego plecaka zale\u017ca\u0142o mi przede wszystkim na rozmiarze, my\u015bla\u0142am o plecaku o pojemno\u015bci 50-60 litr\u00f3w oraz mo\u017cliwo\u015bci dost\u0119pu do baga\u017cu od frontu. Funkcja ta by\u0142a &#8230;<\/p>\n","protected":false},"author":1,"featured_media":5834,"parent":0,"menu_order":0,"comment_status":"closed","ping_status":"closed","template":"","meta":{"spay_email":""},"jetpack_shortlink":"https:\/\/wp.me\/P5eCDx-1wi","jetpack_sharing_enabled":true,"_links":{"self":[{"href":"https:\/\/eastwego.com\/pl\/wp-json\/wp\/v2\/pages\/5846"}],"collection":[{"href":"https:\/\/eastwego.com\/pl\/wp-json\/wp\/v2\/pages"}],"about":[{"href":"https:\/\/eastwego.com\/pl\/wp-json\/wp\/v2\/types\/page"}],"author":[{"embeddable":true,"href":"https:\/\/eastwego.com\/pl\/wp-json\/wp\/v2\/users\/1"}],"replies":[{"embeddable":true,"href":"https:\/\/eastwego.com\/pl\/wp-json\/wp\/v2\/comments?post=5846"}],"version-history":[{"count":1,"href":"https:\/\/eastwego.com\/pl\/wp-json\/wp\/v2\/pages\/5846\/revisions"}],"predecessor-version":[{"id":8036,"href":"https:\/\/eastwego.com\/pl\/wp-json\/wp\/v2\/pages\/5846\/revisions\/8036"}],"wp:featuredmedia":[{"embeddable":true,"href":"https:\/\/eastwego.com\/pl\/wp-json\/wp\/v2\/media\/5834"}],"wp:attachment":[{"href":"https:\/\/eastwego.com\/pl\/wp-json\/wp\/v2\/media?parent=5846"}],"curies":[{"name":"wp","href":"https:\/\/api.w.org\/{rel}","templated":true}]}}